{"id":6265,"date":"2023-01-04T10:17:29","date_gmt":"2023-01-04T07:17:29","guid":{"rendered":"http:\/\/mednav.com.tr\/ueber-uns\/"},"modified":"2023-03-30T22:08:13","modified_gmt":"2023-03-30T19:08:13","slug":"ueber-uns","status":"publish","type":"page","link":"https:\/\/mednav.com.tr\/de\/ueber-uns\/","title":{"rendered":"\u00dcber uns"},"content":{"rendered":"\t\t<div data-elementor-type=\"wp-page\" data-elementor-id=\"6265\" class=\"elementor elementor-6265 elementor-5588\">\n\t\t\t\t\t\t\t\t\t<section class=\"elementor-section elementor-top-section elementor-element elementor-element-6f508b8 elementor-section-height-min-height elementor-section-full_width elementor-section-height-default elementor-section-items-middle\" data-id=\"6f508b8\" data-element_type=\"section\" data-settings=\"{&quot;background_background&quot;:&quot;classic&quot;}\">\n\t\t\t\t\t\t\t<div class=\"elementor-background-overlay\"><\/div>\n\t\t\t\t\t\t\t<div class=\"elementor-container elementor-column-gap-default\">\n\t\t\t\t\t<div class=\"elementor-column elementor-col-100 elementor-top-column elementor-element elementor-element-4916011\" data-id=\"4916011\" data-element_type=\"column\">\n\t\t\t<div class=\"elementor-widget-wrap elementor-element-populated\">\n\t\t\t\t\t\t\t\t\t<\/div>\n\t\t<\/div>\n\t\t\t\t\t\t\t<\/div>\n\t\t<\/section>\n\t\t\t\t<section class=\"elementor-section elementor-top-section elementor-element elementor-element-a16bda7 elementor-section-content-middle elementor-section-boxed elementor-section-height-default elementor-section-height-default\" data-id=\"a16bda7\" data-element_type=\"section\">\n\t\t\t\t\t\t<div class=\"elementor-container elementor-column-gap-default\">\n\t\t\t\t\t<div class=\"elementor-column elementor-col-100 elementor-top-column elementor-element elementor-element-2335202\" data-id=\"2335202\" data-element_type=\"column\">\n\t\t\t<div class=\"elementor-widget-wrap elementor-element-populated\">\n\t\t\t\t\t\t\t\t<div class=\"elementor-element elementor-element-662883c elementor-widget elementor-widget-text-editor\" data-id=\"662883c\" data-element_type=\"widget\" data-widget_type=\"text-editor.default\">\n\t\t\t\t<div class=\"elementor-widget-container\">\n\t\t\t\t\t\t\t<p>Als MedNav Health haben wir uns zum Ziel gesetzt, im Rahmen qualit\u00e4tsorientierter Dienstleistungen und perfekter L\u00f6sungen, die unser Grundprinzip sind, wertvolle Optionen im Bereich Gesundheit und Sch\u00f6nheit zu schaffen. Dank unseres professionellen Personals und unserer Expertenteams unterst\u00fctzen wir Sie bei allem, indem wir L\u00f6sungen f\u00fcr alle Dienstleistungen anbieten, die Sie w\u00e4hrend Ihrer Reise ben\u00f6tigen. MedNav Health ist ein Maklerunternehmen f\u00fcr Gesundheitstourismus.<\/p>\t\t\t\t\t\t<\/div>\n\t\t\t\t<\/div>\n\t\t\t\t<div class=\"elementor-element elementor-element-167181c elementor-widget elementor-widget-heading\" data-id=\"167181c\" data-element_type=\"widget\" data-widget_type=\"heading.default\">\n\t\t\t\t<div class=\"elementor-widget-container\">\n\t\t\t<h2 class=\"elementor-heading-title elementor-size-default\">Unsere \u00c4rzte<\/h2>\t\t<\/div>\n\t\t\t\t<\/div>\n\t\t\t\t<div class=\"elementor-element elementor-element-187ae1c elementor-widget__width-initial elementor-widget elementor-widget-elementskit-team\" data-id=\"187ae1c\" data-element_type=\"widget\" data-widget_type=\"elementskit-team.default\">\n\t\t\t\t<div class=\"elementor-widget-container\">\n\t\t\t<div class=\"ekit-wid-con\">\t\t\t\t\t\t\t\t\n\t\t<div class=\"profile-card elementor-animation- text-center ekit-team-style-default\">\n\t\t\t\t\t\t\t<a aria-label=\"profile\" href=\"javascript:void(0)\" data-mfp-src=\"#ekit_team_modal_187ae1c\" class=\"ekit-team-popup\">\n\t\t\t\t\t\t\n\t\t\t\t<div class=\"profile-header ekit-team-img ekit-img-overlay ekit-team-img-block\"  data-toggle=\"modal\" data-target=\"ekit_team_modal_#187ae1c\" >\n\t\t\t\t\t<img decoding=\"async\" width=\"800\" height=\"534\" src=\"https:\/\/mednav.com.tr\/wp-content\/uploads\/2023\/01\/timetravelaesthetic-bahadir-celik.png-1024x683.webp\" class=\"attachment-large size-large wp-image-5600\" alt=\"\" srcset=\"https:\/\/mednav.com.tr\/wp-content\/uploads\/2023\/01\/timetravelaesthetic-bahadir-celik.png-1024x683.webp 1024w, https:\/\/mednav.com.tr\/wp-content\/uploads\/2023\/01\/timetravelaesthetic-bahadir-celik.png-300x200.webp 300w, https:\/\/mednav.com.tr\/wp-content\/uploads\/2023\/01\/timetravelaesthetic-bahadir-celik.png-768x512.webp 768w, https:\/\/mednav.com.tr\/wp-content\/uploads\/2023\/01\/timetravelaesthetic-bahadir-celik.png.webp 1200w\" sizes=\"(max-width: 800px) 100vw, 800px\" \/>\t\t\t\t<\/div><!-- .profile-header END -->\n\t\t\t\t\t\t\t<\/a>\n\t\t\t\t\t\t\n\n\t\t\t\t<div class=\"profile-body\">\n\t\t\t\t\t\n\t\t\t\t\t<h2 class=\"profile-title\">\n\t\t\t\t\t\t\t\t\t\t\t<a aria-label=\"profile\" href=\"javascript:void(0)\" data-mfp-src=\"#ekit_team_modal_187ae1c\" class=\"ekit-team-popup\">\n\t\t\t\t\t\tBahad\u0131r \u00c7EL\u0130K\t\t\t\t\t\t<\/a>\n\t\t\t\t\t\t\t\t\t\t\t<\/h2>\n\t\t\t\t\t<p class=\"profile-designation\">Facharzt f\u00fcr Plastische, Rekonstruktive und \u00c4sthetische Chirurgie<\/p>\n\t\t\t\t\t\t\t\t\t\t<p class=\"profile-content\">Er wurde 1983 in Ankara geboren. Er hat seine Grund- und Sekundarschulausbildung in Bal\u0131kesir abgeschlossen. Er schloss das Milit\u00e4rgymnasium Kuleli mit dem dritten Rang in der Abteilung ab. Seine medizinische Ausbildung hat er 2008 an der G\u00fclhane Military Medical Academy abgeschlossen. Anschlie\u00dfend absolvierte er sein Studium der plastischen, rekonstruktiven und \u00e4sthetischen Chirurgie an der medizinischen Fakult\u00e4t der Universit\u00e4t Ankara.\n\nEr hat mehrere Artikel auf internationalen Kongressen ver\u00f6ffentlicht. Er hat mehrfach an nationalen und internationalen Kongressen teilgenommen. Er f\u00fchrt alle Arten von \u00e4sthetischen chirurgischen Verfahren und Operationen erfolgreich durch.<\/p>\n\t\t\t\t\t\t\t\t\t<\/div><!-- .profile-body END -->\n\n\t\t\t\t\t\t\t\t<\/div>\n\t\t\t\t\t\t\t\n\t\t\t\n\t\t\t\t\t<div class=\"zoom-anim-dialog mfp-hide elementskit-team-popup\" id=\"ekit_team_modal_187ae1c\" tabindex=\"-1\" role=\"dialog\" aria-hidden=\"true\">\n\t\t\t\t<div class=\"modal-dialog modal-dialog-centered\" role=\"document\">\n\t\t\t\t\t<div class=\"modal-content\">\n\t\t\t\t\t\t<button type=\"button\" class=\"ekit-team-modal-close\">\n\t\t\t\t\t\t\t<i aria-hidden=\"true\" class=\"fas fa-times\"><\/i>\t\t\t\t\t\t<\/button>\n\n\t\t\t\t\t\t<div class=\"modal-body\">\n\t\t\t\t\t\t\t\t\t\t\t\t\t\t\t<div class=\"ekit-team-modal-img\">\n\t\t\t\t\t\t\t\t\t<img decoding=\"async\" width=\"800\" height=\"534\" src=\"https:\/\/mednav.com.tr\/wp-content\/uploads\/2023\/01\/timetravelaesthetic-bahadir-celik.png-1024x683.webp\" class=\"attachment-large size-large wp-image-5600\" alt=\"\" srcset=\"https:\/\/mednav.com.tr\/wp-content\/uploads\/2023\/01\/timetravelaesthetic-bahadir-celik.png-1024x683.webp 1024w, https:\/\/mednav.com.tr\/wp-content\/uploads\/2023\/01\/timetravelaesthetic-bahadir-celik.png-300x200.webp 300w, https:\/\/mednav.com.tr\/wp-content\/uploads\/2023\/01\/timetravelaesthetic-bahadir-celik.png-768x512.webp 768w, https:\/\/mednav.com.tr\/wp-content\/uploads\/2023\/01\/timetravelaesthetic-bahadir-celik.png.webp 1200w\" sizes=\"(max-width: 800px) 100vw, 800px\" \/>\t\t\t\t\t\t\t\t<\/div>\n\t\t\t\t\t\t\t\n\t\t\t\t\t\t\t<div class=\"ekit-team-modal-info has-img\">\n\t\t\t\t\t\t\t\t<h2 class=\"ekit-team-modal-title\">Bahad\u0131r \u00c7EL\u0130K<\/h2>\n\t\t\t\t\t\t\t\t<p class=\"ekit-team-modal-position\">Facharzt f\u00fcr Plastische, Rekonstruktive und \u00c4sthetische Chirurgie<\/p>\n\t\t\t\t\t\t\t\t\n\t\t\t\t\t\t\t\t<div class=\"ekit-team-modal-content\">\n\t\t\t\t\t\t\t\t\tA small river named Duden flows by their place and supplies it with the necessary\t\t\t\t\t\t\t\t<\/div>\n\n\t\t\t\t\t\t\t\t\t\t\t\t\t\t\t\t\t<ul class=\"ekit-team-modal-list\">\n\t\t\t\t\t\t\t\t\t\t\t\t\t\t\t\t\t\t\t\t\t<li><strong>Phone:<\/strong><a href=\"tel:+1 (859) 254-6589\">+1 (859) 254-6589<\/a><\/li>\n\t\t\t\t\t\t\t\t\t\t\n\t\t\t\t\t\t\t\t\t\t\t\t\t\t\t\t\t\t\t\t\t<li><strong>Email:<\/strong><a href=\"mailto:info@example.com\">info@example.com<\/a><\/li>\n\t\t\t\t\t\t\t\t\t\t\t\t\t\t\t\t\t\t\t<\/ul>\n\t\t\t\t\t\t\t\t\t\t\t\t\t\t\t\t\n\t\t\t\t\t\t\t\t\t\t\t\t\t\t\t<\/div>\n\t\t\t\t\t\t<\/div>\n\t\t\t\t\t<\/div>\n\t\t\t\t<\/div>\n\t\t\t<\/div>\n\t\t\t\t<\/div>\t\t<\/div>\n\t\t\t\t<\/div>\n\t\t\t\t<div class=\"elementor-element elementor-element-e7e85da elementor-widget__width-initial elementor-widget elementor-widget-elementskit-team\" data-id=\"e7e85da\" data-element_type=\"widget\" data-widget_type=\"elementskit-team.default\">\n\t\t\t\t<div class=\"elementor-widget-container\">\n\t\t\t<div class=\"ekit-wid-con\">\t\t\t\t\t\t\t\t\n\t\t<div class=\"profile-card elementor-animation- text-center ekit-team-style-default\">\n\t\t\t\t\t\t\t<a aria-label=\"profile\" href=\"javascript:void(0)\" data-mfp-src=\"#ekit_team_modal_e7e85da\" class=\"ekit-team-popup\">\n\t\t\t\t\t\t\n\t\t\t\t<div class=\"profile-header ekit-team-img ekit-img-overlay ekit-team-img-block\"  data-toggle=\"modal\" data-target=\"ekit_team_modal_#e7e85da\" >\n\t\t\t\t\t<img decoding=\"async\" width=\"800\" height=\"530\" src=\"https:\/\/mednav.com.tr\/wp-content\/uploads\/2023\/01\/image01-1.jpeg-1024x679.webp\" class=\"attachment-large size-large wp-image-5599\" alt=\"\" srcset=\"https:\/\/mednav.com.tr\/wp-content\/uploads\/2023\/01\/image01-1.jpeg-1024x679.webp 1024w, https:\/\/mednav.com.tr\/wp-content\/uploads\/2023\/01\/image01-1.jpeg-300x199.webp 300w, https:\/\/mednav.com.tr\/wp-content\/uploads\/2023\/01\/image01-1.jpeg-768x509.webp 768w, https:\/\/mednav.com.tr\/wp-content\/uploads\/2023\/01\/image01-1.jpeg.webp 1109w\" sizes=\"(max-width: 800px) 100vw, 800px\" \/>\t\t\t\t<\/div><!-- .profile-header END -->\n\t\t\t\t\t\t\t<\/a>\n\t\t\t\t\t\t\n\n\t\t\t\t<div class=\"profile-body\">\n\t\t\t\t\t\n\t\t\t\t\t<h2 class=\"profile-title\">\n\t\t\t\t\t\t\t\t\t\t\t<a aria-label=\"profile\" href=\"javascript:void(0)\" data-mfp-src=\"#ekit_team_modal_e7e85da\" class=\"ekit-team-popup\">\n\t\t\t\t\t\tAs\u0131m USLU\t\t\t\t\t\t<\/a>\n\t\t\t\t\t\t\t\t\t\t\t<\/h2>\n\t\t\t\t\t<p class=\"profile-designation\">Facharzt f\u00fcr Plastische, Rekonstruktive und \u00c4sthetische Chirurgie<\/p>\n\t\t\t\t\t\t\t\t\t\t<p class=\"profile-content\">Assoc. Prof. Dr. As\u0131m Uslu schloss 2003 sein Studium an der Medizinischen Fakult\u00e4t der Erciyes-Universit\u00e4t mit dem zweith\u00f6chsten Rang ab. Im Jahr 2009 schloss er seine Facharztausbildung an der Abteilung f\u00fcr Plastische, Rekonstruktive und \u00c4sthetische Chirurgie der Akdeniz-Universit\u00e4t ab. Er wurde dem Antalya Training and Research Hospital zugewiesen, wo er die Pr\u00fcfung zum leitenden Assistenten mit der h\u00f6chsten Einstufung ablegte. In Anbetracht seiner gro\u00dfen Leistungen und Studien w\u00e4hrend seiner Karriere wurde er 2019 als \"Arzt des Jahres\" in Antalya geehrt. Im Jahr 2020 wurde ihm der Titel eines au\u00dferordentlichen Professors verliehen.<\/p>\n\t\t\t\t\t\t\t\t\t<\/div><!-- .profile-body END -->\n\n\t\t\t\t\t\t\t\t<\/div>\n\t\t\t\t\t\t\t\n\t\t\t\n\t\t\t\t\t<div class=\"zoom-anim-dialog mfp-hide elementskit-team-popup\" id=\"ekit_team_modal_e7e85da\" tabindex=\"-1\" role=\"dialog\" aria-hidden=\"true\">\n\t\t\t\t<div class=\"modal-dialog modal-dialog-centered\" role=\"document\">\n\t\t\t\t\t<div class=\"modal-content\">\n\t\t\t\t\t\t<button type=\"button\" class=\"ekit-team-modal-close\">\n\t\t\t\t\t\t\t<i aria-hidden=\"true\" class=\"fas fa-times\"><\/i>\t\t\t\t\t\t<\/button>\n\n\t\t\t\t\t\t<div class=\"modal-body\">\n\t\t\t\t\t\t\t\t\t\t\t\t\t\t\t<div class=\"ekit-team-modal-img\">\n\t\t\t\t\t\t\t\t\t<img decoding=\"async\" width=\"800\" height=\"530\" src=\"https:\/\/mednav.com.tr\/wp-content\/uploads\/2023\/01\/image01-1.jpeg-1024x679.webp\" class=\"attachment-large size-large wp-image-5599\" alt=\"\" srcset=\"https:\/\/mednav.com.tr\/wp-content\/uploads\/2023\/01\/image01-1.jpeg-1024x679.webp 1024w, https:\/\/mednav.com.tr\/wp-content\/uploads\/2023\/01\/image01-1.jpeg-300x199.webp 300w, https:\/\/mednav.com.tr\/wp-content\/uploads\/2023\/01\/image01-1.jpeg-768x509.webp 768w, https:\/\/mednav.com.tr\/wp-content\/uploads\/2023\/01\/image01-1.jpeg.webp 1109w\" sizes=\"(max-width: 800px) 100vw, 800px\" \/>\t\t\t\t\t\t\t\t<\/div>\n\t\t\t\t\t\t\t\n\t\t\t\t\t\t\t<div class=\"ekit-team-modal-info has-img\">\n\t\t\t\t\t\t\t\t<h2 class=\"ekit-team-modal-title\">As\u0131m USLU<\/h2>\n\t\t\t\t\t\t\t\t<p class=\"ekit-team-modal-position\">Facharzt f\u00fcr Plastische, Rekonstruktive und \u00c4sthetische Chirurgie<\/p>\n\t\t\t\t\t\t\t\t\n\t\t\t\t\t\t\t\t<div class=\"ekit-team-modal-content\">\n\t\t\t\t\t\t\t\t\tA small river named Duden flows by their place and supplies it with the necessary\t\t\t\t\t\t\t\t<\/div>\n\n\t\t\t\t\t\t\t\t\t\t\t\t\t\t\t\t\t<ul class=\"ekit-team-modal-list\">\n\t\t\t\t\t\t\t\t\t\t\t\t\t\t\t\t\t\t\t\t\t<li><strong>Phone:<\/strong><a href=\"tel:+1 (859) 254-6589\">+1 (859) 254-6589<\/a><\/li>\n\t\t\t\t\t\t\t\t\t\t\n\t\t\t\t\t\t\t\t\t\t\t\t\t\t\t\t\t\t\t\t\t<li><strong>Email:<\/strong><a href=\"mailto:info@example.com\">info@example.com<\/a><\/li>\n\t\t\t\t\t\t\t\t\t\t\t\t\t\t\t\t\t\t\t<\/ul>\n\t\t\t\t\t\t\t\t\t\t\t\t\t\t\t\t\n\t\t\t\t\t\t\t\t\t\t\t\t\t\t\t<\/div>\n\t\t\t\t\t\t<\/div>\n\t\t\t\t\t<\/div>\n\t\t\t\t<\/div>\n\t\t\t<\/div>\n\t\t\t\t<\/div>\t\t<\/div>\n\t\t\t\t<\/div>\n\t\t\t\t<div class=\"elementor-element elementor-element-2286218 elementor-widget__width-initial elementor-widget elementor-widget-elementskit-team\" data-id=\"2286218\" data-element_type=\"widget\" data-widget_type=\"elementskit-team.default\">\n\t\t\t\t<div class=\"elementor-widget-container\">\n\t\t\t<div class=\"ekit-wid-con\">\t\t\t\t\t\t\t\t\n\t\t<div class=\"profile-card elementor-animation- text-center ekit-team-style-default\">\n\t\t\t\t\t\t\t<a aria-label=\"profile\" href=\"javascript:void(0)\" data-mfp-src=\"#ekit_team_modal_2286218\" class=\"ekit-team-popup\">\n\t\t\t\t\t\t\n\t\t\t\t<div class=\"profile-header ekit-team-img ekit-img-overlay ekit-team-img-block\"  data-toggle=\"modal\" data-target=\"ekit_team_modal_#2286218\" >\n\t\t\t\t\t<img decoding=\"async\" width=\"530\" height=\"530\" src=\"https:\/\/mednav.com.tr\/wp-content\/uploads\/2023\/03\/34fe0102e891bb727de8b23ef7a022a6.jpg\" class=\"attachment-large size-large wp-image-6272\" alt=\"\" srcset=\"https:\/\/mednav.com.tr\/wp-content\/uploads\/2023\/03\/34fe0102e891bb727de8b23ef7a022a6.jpg 530w, https:\/\/mednav.com.tr\/wp-content\/uploads\/2023\/03\/34fe0102e891bb727de8b23ef7a022a6-300x300.jpg 300w, https:\/\/mednav.com.tr\/wp-content\/uploads\/2023\/03\/34fe0102e891bb727de8b23ef7a022a6-150x150.jpg 150w\" sizes=\"(max-width: 530px) 100vw, 530px\" \/>\t\t\t\t<\/div><!-- .profile-header END -->\n\t\t\t\t\t\t\t<\/a>\n\t\t\t\t\t\t\n\n\t\t\t\t<div class=\"profile-body\">\n\t\t\t\t\t\n\t\t\t\t\t<h2 class=\"profile-title\">\n\t\t\t\t\t\t\t\t\t\t\t<a aria-label=\"profile\" href=\"javascript:void(0)\" data-mfp-src=\"#ekit_team_modal_2286218\" class=\"ekit-team-popup\">\n\t\t\t\t\t\tMehmet Bekir \u015eEN\t\t\t\t\t\t<\/a>\n\t\t\t\t\t\t\t\t\t\t\t<\/h2>\n\t\t\t\t\t<p class=\"profile-designation\">Facharzt f\u00fcr Geburtshilfe und Gyn\u00e4kologie<\/p>\n\t\t\t\t\t\t\t\t\t\t<p class=\"profile-content\">Der Chirurg Mehmet Bekir \u015een wurde in Hatay, Antakya, geboren. Er schloss sein Studium an der medizinischen Fakult\u00e4t der Yeditepe-Universit\u00e4t ab. Seine Spezialisierung erhielt er am \u00dcmraniye Bildungs- und Forschungskrankenhaus der Universit\u00e4t f\u00fcr Gesundheitswissenschaften. Nach seiner Spezialisierung arbeitete er in der Abteilung f\u00fcr Perinatologie am Fetal Medicine Centre, King's College of London, um sein Wissen und seine Kultur zu erweitern. Er studierte kosmetische Gyn\u00e4kologie in den Vereinigten Staaten. Au\u00dferdem hat er eine Ausbildung in Sexualtherapie, Vaginismus und Genital\u00e4sthetik absolviert. Nach Abschluss seines Studiums im Ausland kehrte er in die T\u00fcrkei zur\u00fcck und gr\u00fcndete seine eigene Privatklinik in Antalya. Sein besonderes Interesse gilt den Bereichen kosmetische Gyn\u00e4kologie und Genital\u00e4sthetik, Schwangerschaftsnachsorge und Entbindungen.<\/p>\n\t\t\t\t\t\t\t\t\t<\/div><!-- .profile-body END -->\n\n\t\t\t\t\t\t\t\t<\/div>\n\t\t\t\t\t\t\t\n\t\t\t\n\t\t\t\t\t<div class=\"zoom-anim-dialog mfp-hide elementskit-team-popup\" id=\"ekit_team_modal_2286218\" tabindex=\"-1\" role=\"dialog\" aria-hidden=\"true\">\n\t\t\t\t<div class=\"modal-dialog modal-dialog-centered\" role=\"document\">\n\t\t\t\t\t<div class=\"modal-content\">\n\t\t\t\t\t\t<button type=\"button\" class=\"ekit-team-modal-close\">\n\t\t\t\t\t\t\t<i aria-hidden=\"true\" class=\"fas fa-times\"><\/i>\t\t\t\t\t\t<\/button>\n\n\t\t\t\t\t\t<div class=\"modal-body\">\n\t\t\t\t\t\t\t\t\t\t\t\t\t\t\t<div class=\"ekit-team-modal-img\">\n\t\t\t\t\t\t\t\t\t<img decoding=\"async\" width=\"530\" height=\"530\" src=\"https:\/\/mednav.com.tr\/wp-content\/uploads\/2023\/03\/34fe0102e891bb727de8b23ef7a022a6.jpg\" class=\"attachment-large size-large wp-image-6272\" alt=\"\" srcset=\"https:\/\/mednav.com.tr\/wp-content\/uploads\/2023\/03\/34fe0102e891bb727de8b23ef7a022a6.jpg 530w, https:\/\/mednav.com.tr\/wp-content\/uploads\/2023\/03\/34fe0102e891bb727de8b23ef7a022a6-300x300.jpg 300w, https:\/\/mednav.com.tr\/wp-content\/uploads\/2023\/03\/34fe0102e891bb727de8b23ef7a022a6-150x150.jpg 150w\" sizes=\"(max-width: 530px) 100vw, 530px\" \/>\t\t\t\t\t\t\t\t<\/div>\n\t\t\t\t\t\t\t\n\t\t\t\t\t\t\t<div class=\"ekit-team-modal-info has-img\">\n\t\t\t\t\t\t\t\t<h2 class=\"ekit-team-modal-title\">Mehmet Bekir \u015eEN<\/h2>\n\t\t\t\t\t\t\t\t<p class=\"ekit-team-modal-position\">Facharzt f\u00fcr Geburtshilfe und Gyn\u00e4kologie<\/p>\n\t\t\t\t\t\t\t\t\n\t\t\t\t\t\t\t\t<div class=\"ekit-team-modal-content\">\n\t\t\t\t\t\t\t\t\tA small river named Duden flows by their place and supplies it with the necessary\t\t\t\t\t\t\t\t<\/div>\n\n\t\t\t\t\t\t\t\t\t\t\t\t\t\t\t\t\t<ul class=\"ekit-team-modal-list\">\n\t\t\t\t\t\t\t\t\t\t\t\t\t\t\t\t\t\t\t\t\t<li><strong>Phone:<\/strong><a href=\"tel:+1 (859) 254-6589\">+1 (859) 254-6589<\/a><\/li>\n\t\t\t\t\t\t\t\t\t\t\n\t\t\t\t\t\t\t\t\t\t\t\t\t\t\t\t\t\t\t\t\t<li><strong>Email:<\/strong><a href=\"mailto:info@example.com\">info@example.com<\/a><\/li>\n\t\t\t\t\t\t\t\t\t\t\t\t\t\t\t\t\t\t\t<\/ul>\n\t\t\t\t\t\t\t\t\t\t\t\t\t\t\t\t\n\t\t\t\t\t\t\t\t\t\t\t\t\t\t\t<\/div>\n\t\t\t\t\t\t<\/div>\n\t\t\t\t\t<\/div>\n\t\t\t\t<\/div>\n\t\t\t<\/div>\n\t\t\t\t<\/div>\t\t<\/div>\n\t\t\t\t<\/div>\n\t\t\t\t\t<\/div>\n\t\t<\/div>\n\t\t\t\t\t\t\t<\/div>\n\t\t<\/section>\n\t\t\t\t\t\t\t<\/div>\n\t\t","protected":false},"excerpt":{"rendered":"<p>Als MedNav Health haben wir uns zum Ziel gesetzt, im Rahmen qualit\u00e4tsorientierter Dienstleistungen und perfekter L\u00f6sungen, die unser Grundprinzip sind, wertvolle Optionen im Bereich Gesundheit und Sch\u00f6nheit zu schaffen. Dank unseres professionellen Personals und unserer Expertenteams unterst\u00fctzen wir Sie bei allem, indem wir L\u00f6sungen f\u00fcr alle Dienstleistungen anbieten, die Sie w\u00e4hrend Ihrer Reise ben\u00f6tigen. MedNav [&hellip;]<\/p>\n","protected":false},"author":1,"featured_media":0,"parent":0,"menu_order":0,"comment_status":"closed","ping_status":"closed","template":"elementor_header_footer","meta":{"_themeisle_gutenberg_block_has_review":false},"_links":{"self":[{"href":"https:\/\/mednav.com.tr\/de\/wp-json\/wp\/v2\/pages\/6265"}],"collection":[{"href":"https:\/\/mednav.com.tr\/de\/wp-json\/wp\/v2\/pages"}],"about":[{"href":"https:\/\/mednav.com.tr\/de\/wp-json\/wp\/v2\/types\/page"}],"author":[{"embeddable":true,"href":"https:\/\/mednav.com.tr\/de\/wp-json\/wp\/v2\/users\/1"}],"replies":[{"embeddable":true,"href":"https:\/\/mednav.com.tr\/de\/wp-json\/wp\/v2\/comments?post=6265"}],"version-history":[{"count":8,"href":"https:\/\/mednav.com.tr\/de\/wp-json\/wp\/v2\/pages\/6265\/revisions"}],"predecessor-version":[{"id":6276,"href":"https:\/\/mednav.com.tr\/de\/wp-json\/wp\/v2\/pages\/6265\/revisions\/6276"}],"wp:attachment":[{"href":"https:\/\/mednav.com.tr\/de\/wp-json\/wp\/v2\/media?parent=6265"}],"curies":[{"name":"wp","href":"https:\/\/api.w.org\/{rel}","templated":true}]}}