{"id":6281,"date":"2023-01-04T10:57:29","date_gmt":"2023-01-04T07:57:29","guid":{"rendered":"http:\/\/mednav.com.tr\/unterkunft\/"},"modified":"2023-03-30T22:13:41","modified_gmt":"2023-03-30T19:13:41","slug":"unterkunft","status":"publish","type":"page","link":"https:\/\/mednav.com.tr\/de\/unterkunft\/","title":{"rendered":"Unterkunft"},"content":{"rendered":"\t\t<div data-elementor-type=\"wp-page\" data-elementor-id=\"6281\" class=\"elementor elementor-6281 elementor-5611\">\n\t\t\t\t\t\t\t\t\t<section class=\"elementor-section elementor-top-section elementor-element elementor-element-478a2a2 elementor-section-height-min-height elementor-section-full_width elementor-section-height-default elementor-section-items-middle\" data-id=\"478a2a2\" data-element_type=\"section\" data-settings=\"{&quot;background_background&quot;:&quot;classic&quot;}\">\n\t\t\t\t\t\t\t<div class=\"elementor-background-overlay\"><\/div>\n\t\t\t\t\t\t\t<div class=\"elementor-container elementor-column-gap-default\">\n\t\t\t\t\t<div class=\"elementor-column elementor-col-100 elementor-top-column elementor-element elementor-element-86a0c2b\" data-id=\"86a0c2b\" data-element_type=\"column\">\n\t\t\t<div class=\"elementor-widget-wrap elementor-element-populated\">\n\t\t\t\t\t\t\t\t\t<\/div>\n\t\t<\/div>\n\t\t\t\t\t\t\t<\/div>\n\t\t<\/section>\n\t\t\t\t<section class=\"elementor-section elementor-top-section elementor-element elementor-element-43513fc elementor-section-content-middle elementor-section-boxed elementor-section-height-default elementor-section-height-default\" data-id=\"43513fc\" data-element_type=\"section\">\n\t\t\t\t\t\t<div class=\"elementor-container elementor-column-gap-default\">\n\t\t\t\t\t<div class=\"elementor-column elementor-col-100 elementor-top-column elementor-element elementor-element-8e27bba\" data-id=\"8e27bba\" data-element_type=\"column\">\n\t\t\t<div class=\"elementor-widget-wrap elementor-element-populated\">\n\t\t\t\t\t\t\t\t<div class=\"elementor-element elementor-element-1af596f elementor-widget elementor-widget-heading\" data-id=\"1af596f\" data-element_type=\"widget\" data-widget_type=\"heading.default\">\n\t\t\t\t<div class=\"elementor-widget-container\">\n\t\t\t<h2 class=\"elementor-heading-title elementor-size-default\">5-Sterne-Erlebnis mit Akra Barut\n<\/h2>\t\t<\/div>\n\t\t\t\t<\/div>\n\t\t\t\t<div class=\"elementor-element elementor-element-b343b9b elementor-widget elementor-widget-text-editor\" data-id=\"b343b9b\" data-element_type=\"widget\" data-widget_type=\"text-editor.default\">\n\t\t\t\t<div class=\"elementor-widget-container\">\n\t\t\t\t\t\t\t<p>Nachdem unser Expertenteam Sie am Flughafen begr\u00fc\u00dft hat, begleiten wir Sie zum Akra Barut Hotel, das einen faszinierenden Blick auf das Mittelmeer und Beyda\u011flar\u0131 bietet. Sie k\u00f6nnen die Aussicht im Hotel in vollen Z\u00fcgen genie\u00dfen oder die vom Hotel angebotenen Erlebnisse auf h\u00f6chstem Niveau in Anspruch nehmen.<\/p>\t\t\t\t\t\t<\/div>\n\t\t\t\t<\/div>\n\t\t\t\t\t<\/div>\n\t\t<\/div>\n\t\t\t\t\t\t\t<\/div>\n\t\t<\/section>\n\t\t\t\t<section class=\"elementor-section elementor-top-section elementor-element elementor-element-a6ad9c0 elementor-section-boxed elementor-section-height-default elementor-section-height-default\" data-id=\"a6ad9c0\" data-element_type=\"section\">\n\t\t\t\t\t\t<div class=\"elementor-container elementor-column-gap-default\">\n\t\t\t\t\t<div class=\"elementor-column elementor-col-100 elementor-top-column elementor-element elementor-element-68fa8c8\" data-id=\"68fa8c8\" data-element_type=\"column\">\n\t\t\t<div class=\"elementor-widget-wrap elementor-element-populated\">\n\t\t\t\t\t\t\t\t<div class=\"elementor-element elementor-element-e3b1f52 elementor-widget elementor-widget-image\" data-id=\"e3b1f52\" data-element_type=\"widget\" data-widget_type=\"image.default\">\n\t\t\t\t<div class=\"elementor-widget-container\">\n\t\t\t\t\t\t\t\t\t\t\t\t\t\t\t<img decoding=\"async\" width=\"800\" height=\"534\" src=\"https:\/\/mednav.com.tr\/wp-content\/uploads\/2023\/01\/Time-Travel-Aesthetic-5-star-hotel-location.jpg-1024x683.webp\" class=\"attachment-large size-large wp-image-5615\" alt=\"\" srcset=\"https:\/\/mednav.com.tr\/wp-content\/uploads\/2023\/01\/Time-Travel-Aesthetic-5-star-hotel-location.jpg-1024x683.webp 1024w, https:\/\/mednav.com.tr\/wp-content\/uploads\/2023\/01\/Time-Travel-Aesthetic-5-star-hotel-location.jpg-300x200.webp 300w, https:\/\/mednav.com.tr\/wp-content\/uploads\/2023\/01\/Time-Travel-Aesthetic-5-star-hotel-location.jpg-768x512.webp 768w, https:\/\/mednav.com.tr\/wp-content\/uploads\/2023\/01\/Time-Travel-Aesthetic-5-star-hotel-location.jpg.webp 1200w\" sizes=\"(max-width: 800px) 100vw, 800px\" \/>\t\t\t\t\t\t\t\t\t\t\t\t\t\t\t<\/div>\n\t\t\t\t<\/div>\n\t\t\t\t<div class=\"elementor-element elementor-element-eb42b84 elementor-widget elementor-widget-text-editor\" data-id=\"eb42b84\" data-element_type=\"widget\" data-widget_type=\"text-editor.default\">\n\t\t\t\t<div class=\"elementor-widget-container\">\n\t\t\t\t\t\t\t<p>Sind Sie bereit f\u00fcr ein einzigartiges Gastfreundschaftserlebnis, bei dem Emotionen und Erfahrungen im Vordergrund stehen? Akra Barut erwartet Sie mit der Ruhe der an die Klippen schlagenden Wellen, mit Gourmet-Aromen und einem mediterran inspirierten Konzept.<\/p>\t\t\t\t\t\t<\/div>\n\t\t\t\t<\/div>\n\t\t\t\t<section class=\"elementor-section elementor-inner-section elementor-element elementor-element-7f001de elementor-section-boxed elementor-section-height-default elementor-section-height-default\" data-id=\"7f001de\" data-element_type=\"section\" data-settings=\"{&quot;background_background&quot;:&quot;classic&quot;}\">\n\t\t\t\t\t\t<div class=\"elementor-container elementor-column-gap-default\">\n\t\t\t\t\t<div class=\"elementor-column elementor-col-100 elementor-inner-column elementor-element elementor-element-9ef1eed\" data-id=\"9ef1eed\" data-element_type=\"column\">\n\t\t\t<div class=\"elementor-widget-wrap elementor-element-populated\">\n\t\t\t\t\t\t\t\t<div class=\"elementor-element elementor-element-10537e9 elementor-widget elementor-widget-heading\" data-id=\"10537e9\" data-element_type=\"widget\" data-widget_type=\"heading.default\">\n\t\t\t\t<div class=\"elementor-widget-container\">\n\t\t\t<h2 class=\"elementor-heading-title elementor-size-default\">Das Hotel Akra Barut bietet ein Hotelerlebnis auf hohem Niveau.\n<\/h2>\t\t<\/div>\n\t\t\t\t<\/div>\n\t\t\t\t\t<\/div>\n\t\t<\/div>\n\t\t\t\t\t\t\t<\/div>\n\t\t<\/section>\n\t\t\t\t<section class=\"elementor-section elementor-inner-section elementor-element elementor-element-3100e13 elementor-section-boxed elementor-section-height-default elementor-section-height-default\" data-id=\"3100e13\" data-element_type=\"section\">\n\t\t\t\t\t\t<div class=\"elementor-container elementor-column-gap-default\">\n\t\t\t\t\t<div class=\"elementor-column elementor-col-50 elementor-inner-column elementor-element elementor-element-f3f95b7\" data-id=\"f3f95b7\" data-element_type=\"column\">\n\t\t\t<div class=\"elementor-widget-wrap elementor-element-populated\">\n\t\t\t\t\t\t\t\t<div class=\"elementor-element elementor-element-45faea7 elementor-view-stacked elementor-position-left elementor-shape-circle elementor-mobile-position-top elementor-vertical-align-top elementor-widget elementor-widget-icon-box\" data-id=\"45faea7\" data-element_type=\"widget\" data-widget_type=\"icon-box.default\">\n\t\t\t\t<div class=\"elementor-widget-container\">\n\t\t\t\t\t<div class=\"elementor-icon-box-wrapper\">\n\t\t\t\t\t\t<div class=\"elementor-icon-box-icon\">\n\t\t\t\t<span  class=\"elementor-icon elementor-animation-\">\n\t\t\t\t<i aria-hidden=\"true\" class=\"fas fa-star\"><\/i>\t\t\t\t<\/span>\n\t\t\t<\/div>\n\t\t\t\t\t\t<div class=\"elementor-icon-box-content\">\n\t\t\t\t<h3 class=\"elementor-icon-box-title\">\n\t\t\t\t\t<span  >\n\t\t\t\t\t\t\t\t\t\t\t<\/span>\n\t\t\t\t<\/h3>\n\t\t\t\t\t\t\t\t\t<p class=\"elementor-icon-box-description\">\n\t\t\t\t\t\tSie k\u00f6nnen die hei\u00dfen Sommertage auf der besonderen Plattform genie\u00dfen, die auf den Klippen gebaut wurde, einem der Symbole von Antalya.\t\t\t\t\t<\/p>\n\t\t\t\t\t\t\t<\/div>\n\t\t<\/div>\n\t\t\t\t<\/div>\n\t\t\t\t<\/div>\n\t\t\t\t<div class=\"elementor-element elementor-element-0bf4157 elementor-view-stacked elementor-position-left elementor-shape-circle elementor-mobile-position-top elementor-vertical-align-top elementor-widget elementor-widget-icon-box\" data-id=\"0bf4157\" data-element_type=\"widget\" data-widget_type=\"icon-box.default\">\n\t\t\t\t<div class=\"elementor-widget-container\">\n\t\t\t\t\t<div class=\"elementor-icon-box-wrapper\">\n\t\t\t\t\t\t<div class=\"elementor-icon-box-icon\">\n\t\t\t\t<span  class=\"elementor-icon elementor-animation-\">\n\t\t\t\t<i aria-hidden=\"true\" class=\"fas fa-star\"><\/i>\t\t\t\t<\/span>\n\t\t\t<\/div>\n\t\t\t\t\t\t<div class=\"elementor-icon-box-content\">\n\t\t\t\t<h3 class=\"elementor-icon-box-title\">\n\t\t\t\t\t<span  >\n\t\t\t\t\t\t\t\t\t\t\t<\/span>\n\t\t\t\t<\/h3>\n\t\t\t\t\t\t\t\t\t<p class=\"elementor-icon-box-description\">\n\t\t\t\t\t\tIn den Akra Barut Rooms finden Sie elegante Details, die Ihnen ein unvergessliches mediterranes Erlebnis bescheren. Neben der schlichten und modernen Dekoration erwartet Sie mit dem atemberaubenden Blick auf das Mittelmeer ein Erlebnis jenseits aller Erwartungen.\t\t\t\t\t<\/p>\n\t\t\t\t\t\t\t<\/div>\n\t\t<\/div>\n\t\t\t\t<\/div>\n\t\t\t\t<\/div>\n\t\t\t\t<div class=\"elementor-element elementor-element-446471e elementor-view-stacked elementor-position-left elementor-shape-circle elementor-mobile-position-top elementor-vertical-align-top elementor-widget elementor-widget-icon-box\" data-id=\"446471e\" data-element_type=\"widget\" data-widget_type=\"icon-box.default\">\n\t\t\t\t<div class=\"elementor-widget-container\">\n\t\t\t\t\t<div class=\"elementor-icon-box-wrapper\">\n\t\t\t\t\t\t<div class=\"elementor-icon-box-icon\">\n\t\t\t\t<span  class=\"elementor-icon elementor-animation-\">\n\t\t\t\t<i aria-hidden=\"true\" class=\"fas fa-star\"><\/i>\t\t\t\t<\/span>\n\t\t\t<\/div>\n\t\t\t\t\t\t<div class=\"elementor-icon-box-content\">\n\t\t\t\t<h3 class=\"elementor-icon-box-title\">\n\t\t\t\t\t<span  >\n\t\t\t\t\t\t\t\t\t\t\t<\/span>\n\t\t\t\t<\/h3>\n\t\t\t\t\t\t\t\t\t<p class=\"elementor-icon-box-description\">\n\t\t\t\t\t\tFreuen Sie sich auf eine angenehme Erfahrung mit gesunden Ern\u00e4hrungsprogrammen, entspannenden Therapien und Aktivit\u00e4ten, die Ihnen ein gutes Gef\u00fchl geben.\t\t\t\t\t<\/p>\n\t\t\t\t\t\t\t<\/div>\n\t\t<\/div>\n\t\t\t\t<\/div>\n\t\t\t\t<\/div>\n\t\t\t\t\t<\/div>\n\t\t<\/div>\n\t\t\t\t<div class=\"elementor-column elementor-col-50 elementor-inner-column elementor-element elementor-element-8e8bee6\" data-id=\"8e8bee6\" data-element_type=\"column\">\n\t\t\t<div class=\"elementor-widget-wrap elementor-element-populated\">\n\t\t\t\t\t\t\t\t<div class=\"elementor-element elementor-element-0e08c06 elementor-view-stacked elementor-position-left elementor-shape-circle elementor-mobile-position-top elementor-vertical-align-top elementor-widget elementor-widget-icon-box\" data-id=\"0e08c06\" data-element_type=\"widget\" data-widget_type=\"icon-box.default\">\n\t\t\t\t<div class=\"elementor-widget-container\">\n\t\t\t\t\t<div class=\"elementor-icon-box-wrapper\">\n\t\t\t\t\t\t<div class=\"elementor-icon-box-icon\">\n\t\t\t\t<span  class=\"elementor-icon elementor-animation-\">\n\t\t\t\t<i aria-hidden=\"true\" class=\"fas fa-star\"><\/i>\t\t\t\t<\/span>\n\t\t\t<\/div>\n\t\t\t\t\t\t<div class=\"elementor-icon-box-content\">\n\t\t\t\t<h3 class=\"elementor-icon-box-title\">\n\t\t\t\t\t<span  >\n\t\t\t\t\t\t\t\t\t\t\t<\/span>\n\t\t\t\t<\/h3>\n\t\t\t\t\t\t\t\t\t<p class=\"elementor-icon-box-description\">\n\t\t\t\t\t\tAkra verf\u00fcgt \u00fcber drei Swimmingpools f\u00fcr Erwachsene und einen f\u00fcr Kinder sowie \u00fcber beheizte Au\u00dfen- und Innenpools und bietet ein angenehmes Badeerlebnis mit Blick auf das tiefblaue Mittelmeer.\t\t\t\t\t<\/p>\n\t\t\t\t\t\t\t<\/div>\n\t\t<\/div>\n\t\t\t\t<\/div>\n\t\t\t\t<\/div>\n\t\t\t\t<div class=\"elementor-element elementor-element-fc6e5ef elementor-view-stacked elementor-position-left elementor-shape-circle elementor-mobile-position-top elementor-vertical-align-top elementor-widget elementor-widget-icon-box\" data-id=\"fc6e5ef\" data-element_type=\"widget\" data-widget_type=\"icon-box.default\">\n\t\t\t\t<div class=\"elementor-widget-container\">\n\t\t\t\t\t<div class=\"elementor-icon-box-wrapper\">\n\t\t\t\t\t\t<div class=\"elementor-icon-box-icon\">\n\t\t\t\t<span  class=\"elementor-icon elementor-animation-\">\n\t\t\t\t<i aria-hidden=\"true\" class=\"fas fa-star\"><\/i>\t\t\t\t<\/span>\n\t\t\t<\/div>\n\t\t\t\t\t\t<div class=\"elementor-icon-box-content\">\n\t\t\t\t<h3 class=\"elementor-icon-box-title\">\n\t\t\t\t\t<span  >\n\t\t\t\t\t\t\t\t\t\t\t<\/span>\n\t\t\t\t<\/h3>\n\t\t\t\t\t\t\t\t\t<p class=\"elementor-icon-box-description\">\n\t\t\t\t\t\tGenie\u00dfen Sie neben unseren lokalen K\u00f6stlichkeiten auch besondere Aromen aus der Weltk\u00fcche. Unsere Produkte, die durch ihren Geschmack den Unterschied ausmachen, schm\u00fccken Ihre Tische in ihrer frischesten und nat\u00fcrlichsten Form.\t\t\t\t\t<\/p>\n\t\t\t\t\t\t\t<\/div>\n\t\t<\/div>\n\t\t\t\t<\/div>\n\t\t\t\t<\/div>\n\t\t\t\t<div class=\"elementor-element elementor-element-e2dd3e2 elementor-view-stacked elementor-position-left elementor-shape-circle elementor-mobile-position-top elementor-vertical-align-top elementor-widget elementor-widget-icon-box\" data-id=\"e2dd3e2\" data-element_type=\"widget\" data-widget_type=\"icon-box.default\">\n\t\t\t\t<div class=\"elementor-widget-container\">\n\t\t\t\t\t<div class=\"elementor-icon-box-wrapper\">\n\t\t\t\t\t\t<div class=\"elementor-icon-box-icon\">\n\t\t\t\t<span  class=\"elementor-icon elementor-animation-\">\n\t\t\t\t<i aria-hidden=\"true\" class=\"fas fa-star\"><\/i>\t\t\t\t<\/span>\n\t\t\t<\/div>\n\t\t\t\t\t\t<div class=\"elementor-icon-box-content\">\n\t\t\t\t<h3 class=\"elementor-icon-box-title\">\n\t\t\t\t\t<span  >\n\t\t\t\t\t\t\t\t\t\t\t<\/span>\n\t\t\t\t<\/h3>\n\t\t\t\t\t\t\t\t\t<p class=\"elementor-icon-box-description\">\n\t\t\t\t\t\tSeien Sie st\u00e4ndig online mit der schnellen und kostenlosen drahtlosen Internetverbindung, die in allen Bereichen des Hotels zur Verf\u00fcgung steht.\t\t\t\t\t<\/p>\n\t\t\t\t\t\t\t<\/div>\n\t\t<\/div>\n\t\t\t\t<\/div>\n\t\t\t\t<\/div>\n\t\t\t\t\t<\/div>\n\t\t<\/div>\n\t\t\t\t\t\t\t<\/div>\n\t\t<\/section>\n\t\t\t\t<div class=\"elementor-element elementor-element-04682c1 gallery-spacing-custom elementor-widget elementor-widget-image-gallery\" data-id=\"04682c1\" data-element_type=\"widget\" data-widget_type=\"image-gallery.default\">\n\t\t\t\t<div class=\"elementor-widget-container\">\n\t\t\t\t\t<div class=\"elementor-image-gallery\">\n\t\t\t<div id='gallery-1' class='gallery galleryid-6281 gallery-columns-3 gallery-size-full'><figure class='gallery-item'>\n\t\t\t<div class='gallery-icon landscape'>\n\t\t\t\t<img width=\"1200\" height=\"800\" src=\"https:\/\/mednav.com.tr\/wp-content\/uploads\/2023\/01\/mednav-health-5-star-hotel-2.jpg.webp\" class=\"attachment-full size-full\" alt=\"\" decoding=\"async\" srcset=\"https:\/\/mednav.com.tr\/wp-content\/uploads\/2023\/01\/mednav-health-5-star-hotel-2.jpg.webp 1200w, https:\/\/mednav.com.tr\/wp-content\/uploads\/2023\/01\/mednav-health-5-star-hotel-2.jpg-300x200.webp 300w, https:\/\/mednav.com.tr\/wp-content\/uploads\/2023\/01\/mednav-health-5-star-hotel-2.jpg-1024x683.webp 1024w, https:\/\/mednav.com.tr\/wp-content\/uploads\/2023\/01\/mednav-health-5-star-hotel-2.jpg-768x512.webp 768w\" sizes=\"(max-width: 1200px) 100vw, 1200px\" \/>\n\t\t\t<\/div><\/figure><figure class='gallery-item'>\n\t\t\t<div class='gallery-icon landscape'>\n\t\t\t\t<img width=\"1200\" height=\"800\" src=\"https:\/\/mednav.com.tr\/wp-content\/uploads\/2023\/01\/mednav-health-5-star-hotel-7.jpg.webp\" class=\"attachment-full size-full\" alt=\"\" decoding=\"async\" srcset=\"https:\/\/mednav.com.tr\/wp-content\/uploads\/2023\/01\/mednav-health-5-star-hotel-7.jpg.webp 1200w, https:\/\/mednav.com.tr\/wp-content\/uploads\/2023\/01\/mednav-health-5-star-hotel-7.jpg-300x200.webp 300w, https:\/\/mednav.com.tr\/wp-content\/uploads\/2023\/01\/mednav-health-5-star-hotel-7.jpg-1024x683.webp 1024w, https:\/\/mednav.com.tr\/wp-content\/uploads\/2023\/01\/mednav-health-5-star-hotel-7.jpg-768x512.webp 768w\" sizes=\"(max-width: 1200px) 100vw, 1200px\" \/>\n\t\t\t<\/div><\/figure><figure class='gallery-item'>\n\t\t\t<div class='gallery-icon landscape'>\n\t\t\t\t<img width=\"1200\" height=\"800\" src=\"https:\/\/mednav.com.tr\/wp-content\/uploads\/2023\/01\/mednav-health-5-star-hotel-1.jpg.webp\" class=\"attachment-full size-full\" alt=\"\" decoding=\"async\" srcset=\"https:\/\/mednav.com.tr\/wp-content\/uploads\/2023\/01\/mednav-health-5-star-hotel-1.jpg.webp 1200w, https:\/\/mednav.com.tr\/wp-content\/uploads\/2023\/01\/mednav-health-5-star-hotel-1.jpg-300x200.webp 300w, https:\/\/mednav.com.tr\/wp-content\/uploads\/2023\/01\/mednav-health-5-star-hotel-1.jpg-1024x683.webp 1024w, https:\/\/mednav.com.tr\/wp-content\/uploads\/2023\/01\/mednav-health-5-star-hotel-1.jpg-768x512.webp 768w\" sizes=\"(max-width: 1200px) 100vw, 1200px\" \/>\n\t\t\t<\/div><\/figure><figure class='gallery-item'>\n\t\t\t<div class='gallery-icon landscape'>\n\t\t\t\t<img width=\"1200\" height=\"800\" src=\"https:\/\/mednav.com.tr\/wp-content\/uploads\/2023\/01\/mednav-health-5-star-hotel-3.jpg.webp\" class=\"attachment-full size-full\" alt=\"\" decoding=\"async\" srcset=\"https:\/\/mednav.com.tr\/wp-content\/uploads\/2023\/01\/mednav-health-5-star-hotel-3.jpg.webp 1200w, https:\/\/mednav.com.tr\/wp-content\/uploads\/2023\/01\/mednav-health-5-star-hotel-3.jpg-300x200.webp 300w, https:\/\/mednav.com.tr\/wp-content\/uploads\/2023\/01\/mednav-health-5-star-hotel-3.jpg-1024x683.webp 1024w, https:\/\/mednav.com.tr\/wp-content\/uploads\/2023\/01\/mednav-health-5-star-hotel-3.jpg-768x512.webp 768w\" sizes=\"(max-width: 1200px) 100vw, 1200px\" \/>\n\t\t\t<\/div><\/figure><figure class='gallery-item'>\n\t\t\t<div class='gallery-icon landscape'>\n\t\t\t\t<img width=\"1200\" height=\"800\" src=\"https:\/\/mednav.com.tr\/wp-content\/uploads\/2023\/01\/mednav-health-5-star-hotel-4.jpg.webp\" class=\"attachment-full size-full\" alt=\"\" decoding=\"async\" srcset=\"https:\/\/mednav.com.tr\/wp-content\/uploads\/2023\/01\/mednav-health-5-star-hotel-4.jpg.webp 1200w, https:\/\/mednav.com.tr\/wp-content\/uploads\/2023\/01\/mednav-health-5-star-hotel-4.jpg-300x200.webp 300w, https:\/\/mednav.com.tr\/wp-content\/uploads\/2023\/01\/mednav-health-5-star-hotel-4.jpg-1024x683.webp 1024w, https:\/\/mednav.com.tr\/wp-content\/uploads\/2023\/01\/mednav-health-5-star-hotel-4.jpg-768x512.webp 768w\" sizes=\"(max-width: 1200px) 100vw, 1200px\" \/>\n\t\t\t<\/div><\/figure><figure class='gallery-item'>\n\t\t\t<div class='gallery-icon landscape'>\n\t\t\t\t<img width=\"1200\" height=\"800\" src=\"https:\/\/mednav.com.tr\/wp-content\/uploads\/2023\/01\/mednav-health-5-star-hotel-6.jpg.webp\" class=\"attachment-full size-full\" alt=\"\" decoding=\"async\" srcset=\"https:\/\/mednav.com.tr\/wp-content\/uploads\/2023\/01\/mednav-health-5-star-hotel-6.jpg.webp 1200w, https:\/\/mednav.com.tr\/wp-content\/uploads\/2023\/01\/mednav-health-5-star-hotel-6.jpg-300x200.webp 300w, https:\/\/mednav.com.tr\/wp-content\/uploads\/2023\/01\/mednav-health-5-star-hotel-6.jpg-1024x683.webp 1024w, https:\/\/mednav.com.tr\/wp-content\/uploads\/2023\/01\/mednav-health-5-star-hotel-6.jpg-768x512.webp 768w\" sizes=\"(max-width: 1200px) 100vw, 1200px\" \/>\n\t\t\t<\/div><\/figure><figure class='gallery-item'>\n\t\t\t<div class='gallery-icon landscape'>\n\t\t\t\t<img width=\"1200\" height=\"800\" src=\"https:\/\/mednav.com.tr\/wp-content\/uploads\/2023\/01\/mednav-health-5-star-hotel-8.jpg.webp\" class=\"attachment-full size-full\" alt=\"\" decoding=\"async\" srcset=\"https:\/\/mednav.com.tr\/wp-content\/uploads\/2023\/01\/mednav-health-5-star-hotel-8.jpg.webp 1200w, https:\/\/mednav.com.tr\/wp-content\/uploads\/2023\/01\/mednav-health-5-star-hotel-8.jpg-300x200.webp 300w, https:\/\/mednav.com.tr\/wp-content\/uploads\/2023\/01\/mednav-health-5-star-hotel-8.jpg-1024x683.webp 1024w, https:\/\/mednav.com.tr\/wp-content\/uploads\/2023\/01\/mednav-health-5-star-hotel-8.jpg-768x512.webp 768w\" sizes=\"(max-width: 1200px) 100vw, 1200px\" \/>\n\t\t\t<\/div><\/figure><figure class='gallery-item'>\n\t\t\t<div class='gallery-icon landscape'>\n\t\t\t\t<img width=\"1200\" height=\"800\" src=\"https:\/\/mednav.com.tr\/wp-content\/uploads\/2023\/01\/mednav-health-5-star-hotel-9.jpg.webp\" class=\"attachment-full size-full\" alt=\"\" decoding=\"async\" srcset=\"https:\/\/mednav.com.tr\/wp-content\/uploads\/2023\/01\/mednav-health-5-star-hotel-9.jpg.webp 1200w, https:\/\/mednav.com.tr\/wp-content\/uploads\/2023\/01\/mednav-health-5-star-hotel-9.jpg-300x200.webp 300w, https:\/\/mednav.com.tr\/wp-content\/uploads\/2023\/01\/mednav-health-5-star-hotel-9.jpg-1024x683.webp 1024w, https:\/\/mednav.com.tr\/wp-content\/uploads\/2023\/01\/mednav-health-5-star-hotel-9.jpg-768x512.webp 768w\" sizes=\"(max-width: 1200px) 100vw, 1200px\" \/>\n\t\t\t<\/div><\/figure><figure class='gallery-item'>\n\t\t\t<div class='gallery-icon landscape'>\n\t\t\t\t<img width=\"1200\" height=\"800\" src=\"https:\/\/mednav.com.tr\/wp-content\/uploads\/2023\/01\/mednav-health-5-star-hotel-11.jpg.webp\" class=\"attachment-full size-full\" alt=\"\" decoding=\"async\" srcset=\"https:\/\/mednav.com.tr\/wp-content\/uploads\/2023\/01\/mednav-health-5-star-hotel-11.jpg.webp 1200w, https:\/\/mednav.com.tr\/wp-content\/uploads\/2023\/01\/mednav-health-5-star-hotel-11.jpg-300x200.webp 300w, https:\/\/mednav.com.tr\/wp-content\/uploads\/2023\/01\/mednav-health-5-star-hotel-11.jpg-1024x683.webp 1024w, https:\/\/mednav.com.tr\/wp-content\/uploads\/2023\/01\/mednav-health-5-star-hotel-11.jpg-768x512.webp 768w\" sizes=\"(max-width: 1200px) 100vw, 1200px\" \/>\n\t\t\t<\/div><\/figure><figure class='gallery-item'>\n\t\t\t<div class='gallery-icon landscape'>\n\t\t\t\t<img width=\"1200\" height=\"800\" src=\"https:\/\/mednav.com.tr\/wp-content\/uploads\/2023\/01\/mednav-health-5-star-hotel-12.jpg.webp\" class=\"attachment-full size-full\" alt=\"\" decoding=\"async\" srcset=\"https:\/\/mednav.com.tr\/wp-content\/uploads\/2023\/01\/mednav-health-5-star-hotel-12.jpg.webp 1200w, https:\/\/mednav.com.tr\/wp-content\/uploads\/2023\/01\/mednav-health-5-star-hotel-12.jpg-300x200.webp 300w, https:\/\/mednav.com.tr\/wp-content\/uploads\/2023\/01\/mednav-health-5-star-hotel-12.jpg-1024x683.webp 1024w, https:\/\/mednav.com.tr\/wp-content\/uploads\/2023\/01\/mednav-health-5-star-hotel-12.jpg-768x512.webp 768w\" sizes=\"(max-width: 1200px) 100vw, 1200px\" \/>\n\t\t\t<\/div><\/figure><figure class='gallery-item'>\n\t\t\t<div class='gallery-icon landscape'>\n\t\t\t\t<img width=\"1200\" height=\"800\" src=\"https:\/\/mednav.com.tr\/wp-content\/uploads\/2023\/01\/mednav-health-5-star-hotel-5.jpg.webp\" class=\"attachment-full size-full\" alt=\"\" decoding=\"async\" srcset=\"https:\/\/mednav.com.tr\/wp-content\/uploads\/2023\/01\/mednav-health-5-star-hotel-5.jpg.webp 1200w, https:\/\/mednav.com.tr\/wp-content\/uploads\/2023\/01\/mednav-health-5-star-hotel-5.jpg-300x200.webp 300w, https:\/\/mednav.com.tr\/wp-content\/uploads\/2023\/01\/mednav-health-5-star-hotel-5.jpg-1024x683.webp 1024w, https:\/\/mednav.com.tr\/wp-content\/uploads\/2023\/01\/mednav-health-5-star-hotel-5.jpg-768x512.webp 768w\" sizes=\"(max-width: 1200px) 100vw, 1200px\" \/>\n\t\t\t<\/div><\/figure><figure class='gallery-item'>\n\t\t\t<div class='gallery-icon landscape'>\n\t\t\t\t<img width=\"1200\" height=\"800\" src=\"https:\/\/mednav.com.tr\/wp-content\/uploads\/2023\/01\/mednav-health-5-star-hotel-10.jpg.webp\" class=\"attachment-full size-full\" alt=\"\" decoding=\"async\" srcset=\"https:\/\/mednav.com.tr\/wp-content\/uploads\/2023\/01\/mednav-health-5-star-hotel-10.jpg.webp 1200w, https:\/\/mednav.com.tr\/wp-content\/uploads\/2023\/01\/mednav-health-5-star-hotel-10.jpg-300x200.webp 300w, https:\/\/mednav.com.tr\/wp-content\/uploads\/2023\/01\/mednav-health-5-star-hotel-10.jpg-1024x683.webp 1024w, https:\/\/mednav.com.tr\/wp-content\/uploads\/2023\/01\/mednav-health-5-star-hotel-10.jpg-768x512.webp 768w\" sizes=\"(max-width: 1200px) 100vw, 1200px\" \/>\n\t\t\t<\/div><\/figure>\n\t\t<\/div>\n\t\t<\/div>\n\t\t\t\t<\/div>\n\t\t\t\t<\/div>\n\t\t\t\t<div class=\"elementor-element elementor-element-3225fef elementor-widget elementor-widget-google_maps\" data-id=\"3225fef\" data-element_type=\"widget\" data-widget_type=\"google_maps.default\">\n\t\t\t\t<div class=\"elementor-widget-container\">\n\t\t\t\t\t<div class=\"elementor-custom-embed\">\n\t\t\t<iframe loading=\"lazy\"\n\t\t\t\t\tsrc=\"https:\/\/maps.google.com\/maps?q=Akra%20Hotels&#038;t=m&#038;z=18&#038;output=embed&#038;iwloc=near\"\n\t\t\t\t\ttitle=\"Akra Hotels\"\n\t\t\t\t\taria-label=\"Akra Hotels\"\n\t\t\t><\/iframe>\n\t\t<\/div>\n\t\t\t\t<\/div>\n\t\t\t\t<\/div>\n\t\t\t\t\t<\/div>\n\t\t<\/div>\n\t\t\t\t\t\t\t<\/div>\n\t\t<\/section>\n\t\t\t\t\t\t\t<\/div>\n\t\t","protected":false},"excerpt":{"rendered":"<p>5-Sterne-Erlebnis mit Akra Barut Nachdem unser Expertenteam Sie am Flughafen begr\u00fc\u00dft hat, begleiten wir Sie zum Akra Barut Hotel, das einen faszinierenden Blick auf das Mittelmeer und Beyda\u011flar\u0131 bietet. Sie k\u00f6nnen die Aussicht im Hotel in vollen Z\u00fcgen genie\u00dfen oder die vom Hotel angebotenen Erlebnisse auf h\u00f6chstem Niveau in Anspruch nehmen. Sind Sie bereit f\u00fcr [&hellip;]<\/p>\n","protected":false},"author":1,"featured_media":0,"parent":0,"menu_order":0,"comment_status":"closed","ping_status":"closed","template":"elementor_header_footer","meta":{"_themeisle_gutenberg_block_has_review":false},"_links":{"self":[{"href":"https:\/\/mednav.com.tr\/de\/wp-json\/wp\/v2\/pages\/6281"}],"collection":[{"href":"https:\/\/mednav.com.tr\/de\/wp-json\/wp\/v2\/pages"}],"about":[{"href":"https:\/\/mednav.com.tr\/de\/wp-json\/wp\/v2\/types\/page"}],"author":[{"embeddable":true,"href":"https:\/\/mednav.com.tr\/de\/wp-json\/wp\/v2\/users\/1"}],"replies":[{"embeddable":true,"href":"https:\/\/mednav.com.tr\/de\/wp-json\/wp\/v2\/comments?post=6281"}],"version-history":[{"count":5,"href":"https:\/\/mednav.com.tr\/de\/wp-json\/wp\/v2\/pages\/6281\/revisions"}],"predecessor-version":[{"id":6286,"href":"https:\/\/mednav.com.tr\/de\/wp-json\/wp\/v2\/pages\/6281\/revisions\/6286"}],"wp:attachment":[{"href":"https:\/\/mednav.com.tr\/de\/wp-json\/wp\/v2\/media?parent=6281"}],"curies":[{"name":"wp","href":"https:\/\/api.w.org\/{rel}","templated":true}]}}