{"id":6552,"date":"2023-01-04T10:17:29","date_gmt":"2023-01-04T07:17:29","guid":{"rendered":"http:\/\/mednav.com.tr\/hakkimizda\/"},"modified":"2023-03-30T22:25:08","modified_gmt":"2023-03-30T19:25:08","slug":"hakkimizda","status":"publish","type":"page","link":"https:\/\/mednav.com.tr\/tr\/hakkimizda\/","title":{"rendered":"Hakk\u0131m\u0131zda"},"content":{"rendered":"\t\t<div data-elementor-type=\"wp-page\" data-elementor-id=\"6552\" class=\"elementor elementor-6552 elementor-5588\">\n\t\t\t\t\t\t\t\t\t<section class=\"elementor-section elementor-top-section elementor-element elementor-element-6f508b8 elementor-section-height-min-height elementor-section-full_width elementor-section-height-default elementor-section-items-middle\" data-id=\"6f508b8\" data-element_type=\"section\" data-settings=\"{&quot;background_background&quot;:&quot;classic&quot;}\">\n\t\t\t\t\t\t\t<div class=\"elementor-background-overlay\"><\/div>\n\t\t\t\t\t\t\t<div class=\"elementor-container elementor-column-gap-default\">\n\t\t\t\t\t<div class=\"elementor-column elementor-col-100 elementor-top-column elementor-element elementor-element-4916011\" data-id=\"4916011\" data-element_type=\"column\">\n\t\t\t<div class=\"elementor-widget-wrap elementor-element-populated\">\n\t\t\t\t\t\t\t\t\t<\/div>\n\t\t<\/div>\n\t\t\t\t\t\t\t<\/div>\n\t\t<\/section>\n\t\t\t\t<section class=\"elementor-section elementor-top-section elementor-element elementor-element-a16bda7 elementor-section-content-middle elementor-section-boxed elementor-section-height-default elementor-section-height-default\" data-id=\"a16bda7\" data-element_type=\"section\">\n\t\t\t\t\t\t<div class=\"elementor-container elementor-column-gap-default\">\n\t\t\t\t\t<div class=\"elementor-column elementor-col-100 elementor-top-column elementor-element elementor-element-2335202\" data-id=\"2335202\" data-element_type=\"column\">\n\t\t\t<div class=\"elementor-widget-wrap elementor-element-populated\">\n\t\t\t\t\t\t\t\t<div class=\"elementor-element elementor-element-662883c elementor-widget elementor-widget-text-editor\" data-id=\"662883c\" data-element_type=\"widget\" data-widget_type=\"text-editor.default\">\n\t\t\t\t<div class=\"elementor-widget-container\">\n\t\t\t\t\t\t\t<p><em>MedNav Health olarak kurulu\u015f ilkemiz olan kalite odakl\u0131 hizmetler ve kusursuz \u00e7\u00f6z\u00fcmler \u00e7er\u00e7evesinde sa\u011fl\u0131k ve g\u00fczellik alan\u0131nda de\u011ferli se\u00e7enekler yaratmay\u0131 hedefliyoruz. Profesyonel kadromuz ve uzman ekiplerimiz sayesinde seyahatiniz s\u00fcresince ihtiya\u00e7 duyabilece\u011finiz t\u00fcm hizmetlere \u00e7\u00f6z\u00fcm sunarak sizlere her konuda destek oluyoruz. MedNav Health bir sa\u011fl\u0131k turizmi arac\u0131l\u0131k firmas\u0131d\u0131r.<\/em><\/p>\n\t\t\t\t\t\t<\/div>\n\t\t\t\t<\/div>\n\t\t\t\t<div class=\"elementor-element elementor-element-167181c elementor-widget elementor-widget-heading\" data-id=\"167181c\" data-element_type=\"widget\" data-widget_type=\"heading.default\">\n\t\t\t\t<div class=\"elementor-widget-container\">\n\t\t\t<h2 class=\"elementor-heading-title elementor-size-default\">Doktorlar\u0131m\u0131z<\/h2>\t\t<\/div>\n\t\t\t\t<\/div>\n\t\t\t\t<div class=\"elementor-element elementor-element-187ae1c elementor-widget__width-initial elementor-widget elementor-widget-elementskit-team\" data-id=\"187ae1c\" data-element_type=\"widget\" data-widget_type=\"elementskit-team.default\">\n\t\t\t\t<div class=\"elementor-widget-container\">\n\t\t\t<div class=\"ekit-wid-con\">\t\t\t\t\t\t\t\t\n\t\t<div class=\"profile-card elementor-animation- text-center ekit-team-style-default\">\n\t\t\t\t\t\t\t<a aria-label=\"profile\" href=\"javascript:void(0)\" data-mfp-src=\"#ekit_team_modal_187ae1c\" class=\"ekit-team-popup\">\n\t\t\t\t\t\t\n\t\t\t\t<div class=\"profile-header ekit-team-img ekit-img-overlay ekit-team-img-block\"  data-toggle=\"modal\" data-target=\"ekit_team_modal_#187ae1c\" >\n\t\t\t\t\t<img decoding=\"async\" width=\"800\" height=\"534\" src=\"https:\/\/mednav.com.tr\/wp-content\/uploads\/2023\/01\/timetravelaesthetic-bahadir-celik.png-1024x683.webp\" class=\"attachment-large size-large wp-image-5600\" alt=\"\" srcset=\"https:\/\/mednav.com.tr\/wp-content\/uploads\/2023\/01\/timetravelaesthetic-bahadir-celik.png-1024x683.webp 1024w, https:\/\/mednav.com.tr\/wp-content\/uploads\/2023\/01\/timetravelaesthetic-bahadir-celik.png-300x200.webp 300w, https:\/\/mednav.com.tr\/wp-content\/uploads\/2023\/01\/timetravelaesthetic-bahadir-celik.png-768x512.webp 768w, https:\/\/mednav.com.tr\/wp-content\/uploads\/2023\/01\/timetravelaesthetic-bahadir-celik.png.webp 1200w\" sizes=\"(max-width: 800px) 100vw, 800px\" \/>\t\t\t\t<\/div><!-- .profile-header END -->\n\t\t\t\t\t\t\t<\/a>\n\t\t\t\t\t\t\n\n\t\t\t\t<div class=\"profile-body\">\n\t\t\t\t\t\n\t\t\t\t\t<h2 class=\"profile-title\">\n\t\t\t\t\t\t\t\t\t\t\t<a aria-label=\"profile\" href=\"javascript:void(0)\" data-mfp-src=\"#ekit_team_modal_187ae1c\" class=\"ekit-team-popup\">\n\t\t\t\t\t\tBahad\u0131r \u00c7EL\u0130K\t\t\t\t\t\t<\/a>\n\t\t\t\t\t\t\t\t\t\t\t<\/h2>\n\t\t\t\t\t<p class=\"profile-designation\">Plastik Rekonstr\u00fcktif ve Estetik Cerrahi Uzman\u0131<\/p>\n\t\t\t\t\t\t\t\t\t\t<p class=\"profile-content\">1983 y\u0131l\u0131nda Ankara'da do\u011fdu. \u0130lk ve orta \u00f6\u011frenimini Bal\u0131kesir'de tamamlad\u0131. Kuleli Askeri Lisesi'nden b\u00f6l\u00fcm \u00fc\u00e7\u00fcnc\u00fcl\u00fc\u011f\u00fc ile mezun olmu\u015ftur. T\u0131p e\u011fitimini 2008 y\u0131l\u0131nda G\u00fclhane Askeri T\u0131p Akademisi'nde tamamlam\u0131\u015ft\u0131r. Daha sonra Ankara \u00dcniversitesi T\u0131p Fak\u00fcltesi'nde plastik, rekonstr\u00fcktif ve estetik cerrahi uzmanl\u0131k e\u011fitimini tamamlad\u0131.\r\n\r\nUluslararas\u0131 kongrelerde \u00e7e\u015fitli makaleleri yay\u0131nlanm\u0131\u015ft\u0131r. Bir\u00e7ok kez ulusal ve uluslararas\u0131 kongrelere kat\u0131lm\u0131\u015ft\u0131r. Her t\u00fcrl\u00fc estetik cerrahi i\u015flem ve operasyonlar\u0131 ba\u015far\u0131 ile ger\u00e7ekle\u015ftirmektedir.<\/p>\n\t\t\t\t\t\t\t\t\t<\/div><!-- .profile-body END -->\n\n\t\t\t\t\t\t\t\t<\/div>\n\t\t\t\t\t\t\t\n\t\t\t\n\t\t\t\t\t<div class=\"zoom-anim-dialog mfp-hide elementskit-team-popup\" id=\"ekit_team_modal_187ae1c\" tabindex=\"-1\" role=\"dialog\" aria-hidden=\"true\">\n\t\t\t\t<div class=\"modal-dialog modal-dialog-centered\" role=\"document\">\n\t\t\t\t\t<div class=\"modal-content\">\n\t\t\t\t\t\t<button type=\"button\" class=\"ekit-team-modal-close\">\n\t\t\t\t\t\t\t<i aria-hidden=\"true\" class=\"fas fa-times\"><\/i>\t\t\t\t\t\t<\/button>\n\n\t\t\t\t\t\t<div class=\"modal-body\">\n\t\t\t\t\t\t\t\t\t\t\t\t\t\t\t<div class=\"ekit-team-modal-img\">\n\t\t\t\t\t\t\t\t\t<img decoding=\"async\" width=\"800\" height=\"534\" src=\"https:\/\/mednav.com.tr\/wp-content\/uploads\/2023\/01\/timetravelaesthetic-bahadir-celik.png-1024x683.webp\" class=\"attachment-large size-large wp-image-5600\" alt=\"\" srcset=\"https:\/\/mednav.com.tr\/wp-content\/uploads\/2023\/01\/timetravelaesthetic-bahadir-celik.png-1024x683.webp 1024w, https:\/\/mednav.com.tr\/wp-content\/uploads\/2023\/01\/timetravelaesthetic-bahadir-celik.png-300x200.webp 300w, https:\/\/mednav.com.tr\/wp-content\/uploads\/2023\/01\/timetravelaesthetic-bahadir-celik.png-768x512.webp 768w, https:\/\/mednav.com.tr\/wp-content\/uploads\/2023\/01\/timetravelaesthetic-bahadir-celik.png.webp 1200w\" sizes=\"(max-width: 800px) 100vw, 800px\" \/>\t\t\t\t\t\t\t\t<\/div>\n\t\t\t\t\t\t\t\n\t\t\t\t\t\t\t<div class=\"ekit-team-modal-info has-img\">\n\t\t\t\t\t\t\t\t<h2 class=\"ekit-team-modal-title\">Bahad\u0131r \u00c7EL\u0130K<\/h2>\n\t\t\t\t\t\t\t\t<p class=\"ekit-team-modal-position\">Plastik Rekonstr\u00fcktif ve Estetik Cerrahi Uzman\u0131<\/p>\n\t\t\t\t\t\t\t\t\n\t\t\t\t\t\t\t\t<div class=\"ekit-team-modal-content\">\n\t\t\t\t\t\t\t\t\tD\u00fcden ad\u0131nda k\u00fc\u00e7\u00fck bir nehir evlerinin yan\u0131ndan ak\u0131yor ve gerekli suyu sa\u011fl\u0131yor.\t\t\t\t\t\t\t\t<\/div>\n\n\t\t\t\t\t\t\t\t\t\t\t\t\t\t\t\t\t<ul class=\"ekit-team-modal-list\">\n\t\t\t\t\t\t\t\t\t\t\t\t\t\t\t\t\t\t\t\t\t<li><strong>Phone:<\/strong><a href=\"tel:+1 (859) 254-6589\">+1 (859) 254-6589<\/a><\/li>\n\t\t\t\t\t\t\t\t\t\t\n\t\t\t\t\t\t\t\t\t\t\t\t\t\t\t\t\t\t\t\t\t<li><strong>Email:<\/strong><a href=\"mailto:info@example.com\">info@example.com<\/a><\/li>\n\t\t\t\t\t\t\t\t\t\t\t\t\t\t\t\t\t\t\t<\/ul>\n\t\t\t\t\t\t\t\t\t\t\t\t\t\t\t\t\n\t\t\t\t\t\t\t\t\t\t\t\t\t\t\t<\/div>\n\t\t\t\t\t\t<\/div>\n\t\t\t\t\t<\/div>\n\t\t\t\t<\/div>\n\t\t\t<\/div>\n\t\t\t\t<\/div>\t\t<\/div>\n\t\t\t\t<\/div>\n\t\t\t\t<div class=\"elementor-element elementor-element-e7e85da elementor-widget__width-initial elementor-widget elementor-widget-elementskit-team\" data-id=\"e7e85da\" data-element_type=\"widget\" data-widget_type=\"elementskit-team.default\">\n\t\t\t\t<div class=\"elementor-widget-container\">\n\t\t\t<div class=\"ekit-wid-con\">\t\t\t\t\t\t\t\t\n\t\t<div class=\"profile-card elementor-animation- text-center ekit-team-style-default\">\n\t\t\t\t\t\t\t<a aria-label=\"profile\" href=\"javascript:void(0)\" data-mfp-src=\"#ekit_team_modal_e7e85da\" class=\"ekit-team-popup\">\n\t\t\t\t\t\t\n\t\t\t\t<div class=\"profile-header ekit-team-img ekit-img-overlay ekit-team-img-block\"  data-toggle=\"modal\" data-target=\"ekit_team_modal_#e7e85da\" >\n\t\t\t\t\t<img decoding=\"async\" width=\"800\" height=\"530\" src=\"https:\/\/mednav.com.tr\/wp-content\/uploads\/2023\/01\/image01-1.jpeg-1024x679.webp\" class=\"attachment-large size-large wp-image-5599\" alt=\"\" srcset=\"https:\/\/mednav.com.tr\/wp-content\/uploads\/2023\/01\/image01-1.jpeg-1024x679.webp 1024w, https:\/\/mednav.com.tr\/wp-content\/uploads\/2023\/01\/image01-1.jpeg-300x199.webp 300w, https:\/\/mednav.com.tr\/wp-content\/uploads\/2023\/01\/image01-1.jpeg-768x509.webp 768w, https:\/\/mednav.com.tr\/wp-content\/uploads\/2023\/01\/image01-1.jpeg.webp 1109w\" sizes=\"(max-width: 800px) 100vw, 800px\" \/>\t\t\t\t<\/div><!-- .profile-header END -->\n\t\t\t\t\t\t\t<\/a>\n\t\t\t\t\t\t\n\n\t\t\t\t<div class=\"profile-body\">\n\t\t\t\t\t\n\t\t\t\t\t<h2 class=\"profile-title\">\n\t\t\t\t\t\t\t\t\t\t\t<a aria-label=\"profile\" href=\"javascript:void(0)\" data-mfp-src=\"#ekit_team_modal_e7e85da\" class=\"ekit-team-popup\">\n\t\t\t\t\t\tAs\u0131m USLU\t\t\t\t\t\t<\/a>\n\t\t\t\t\t\t\t\t\t\t\t<\/h2>\n\t\t\t\t\t<p class=\"profile-designation\">Plastik Rekonstr\u00fcktif ve Estetik Cerrahi Uzman\u0131<\/p>\n\t\t\t\t\t\t\t\t\t\t<p class=\"profile-content\">Dr. As\u0131m Uslu, 2003 y\u0131l\u0131nda Erciyes \u00dcniversitesi T\u0131p Fak\u00fcltesi'nden ikincilikle mezun oldu. 2009 y\u0131l\u0131nda Akdeniz \u00dcniversitesi Plastik, Rekonstr\u00fcktif ve Estetik Cerrahi Anabilim Dal\u0131'nda ihtisas\u0131n\u0131 tamamlad\u0131. Ba\u015fasistanl\u0131k s\u0131nav\u0131n\u0131 birincilikle kazanarak Antalya E\u011fitim ve Ara\u015ft\u0131rma Hastanesi'ne atand\u0131. Meslek hayat\u0131 boyunca g\u00f6sterdi\u011fi \u00fcst\u00fcn ba\u015far\u0131 ve \u00e7al\u0131\u015fmalar\u0131na istinaden 2019 y\u0131l\u0131nda Antalya'da \"Y\u0131l\u0131n Hekimi\" olarak \u00f6d\u00fcle lay\u0131k g\u00f6r\u00fcld\u00fc. 2020 y\u0131l\u0131nda Do\u00e7ent unvan\u0131n\u0131 almaya hak kazand\u0131.<\/p>\n\t\t\t\t\t\t\t\t\t<\/div><!-- .profile-body END -->\n\n\t\t\t\t\t\t\t\t<\/div>\n\t\t\t\t\t\t\t\n\t\t\t\n\t\t\t\t\t<div class=\"zoom-anim-dialog mfp-hide elementskit-team-popup\" id=\"ekit_team_modal_e7e85da\" tabindex=\"-1\" role=\"dialog\" aria-hidden=\"true\">\n\t\t\t\t<div class=\"modal-dialog modal-dialog-centered\" role=\"document\">\n\t\t\t\t\t<div class=\"modal-content\">\n\t\t\t\t\t\t<button type=\"button\" class=\"ekit-team-modal-close\">\n\t\t\t\t\t\t\t<i aria-hidden=\"true\" class=\"fas fa-times\"><\/i>\t\t\t\t\t\t<\/button>\n\n\t\t\t\t\t\t<div class=\"modal-body\">\n\t\t\t\t\t\t\t\t\t\t\t\t\t\t\t<div class=\"ekit-team-modal-img\">\n\t\t\t\t\t\t\t\t\t<img decoding=\"async\" width=\"800\" height=\"530\" src=\"https:\/\/mednav.com.tr\/wp-content\/uploads\/2023\/01\/image01-1.jpeg-1024x679.webp\" class=\"attachment-large size-large wp-image-5599\" alt=\"\" srcset=\"https:\/\/mednav.com.tr\/wp-content\/uploads\/2023\/01\/image01-1.jpeg-1024x679.webp 1024w, https:\/\/mednav.com.tr\/wp-content\/uploads\/2023\/01\/image01-1.jpeg-300x199.webp 300w, https:\/\/mednav.com.tr\/wp-content\/uploads\/2023\/01\/image01-1.jpeg-768x509.webp 768w, https:\/\/mednav.com.tr\/wp-content\/uploads\/2023\/01\/image01-1.jpeg.webp 1109w\" sizes=\"(max-width: 800px) 100vw, 800px\" \/>\t\t\t\t\t\t\t\t<\/div>\n\t\t\t\t\t\t\t\n\t\t\t\t\t\t\t<div class=\"ekit-team-modal-info has-img\">\n\t\t\t\t\t\t\t\t<h2 class=\"ekit-team-modal-title\">As\u0131m USLU<\/h2>\n\t\t\t\t\t\t\t\t<p class=\"ekit-team-modal-position\">Plastik Rekonstr\u00fcktif ve Estetik Cerrahi Uzman\u0131<\/p>\n\t\t\t\t\t\t\t\t\n\t\t\t\t\t\t\t\t<div class=\"ekit-team-modal-content\">\n\t\t\t\t\t\t\t\t\tD\u00fcden ad\u0131nda k\u00fc\u00e7\u00fck bir nehir evlerinin yan\u0131ndan ak\u0131yor ve gerekli suyu sa\u011fl\u0131yor.\t\t\t\t\t\t\t\t<\/div>\n\n\t\t\t\t\t\t\t\t\t\t\t\t\t\t\t\t\t<ul class=\"ekit-team-modal-list\">\n\t\t\t\t\t\t\t\t\t\t\t\t\t\t\t\t\t\t\t\t\t<li><strong>Phone:<\/strong><a href=\"tel:+1 (859) 254-6589\">+1 (859) 254-6589<\/a><\/li>\n\t\t\t\t\t\t\t\t\t\t\n\t\t\t\t\t\t\t\t\t\t\t\t\t\t\t\t\t\t\t\t\t<li><strong>Email:<\/strong><a href=\"mailto:info@example.com\">info@example.com<\/a><\/li>\n\t\t\t\t\t\t\t\t\t\t\t\t\t\t\t\t\t\t\t<\/ul>\n\t\t\t\t\t\t\t\t\t\t\t\t\t\t\t\t\n\t\t\t\t\t\t\t\t\t\t\t\t\t\t\t<\/div>\n\t\t\t\t\t\t<\/div>\n\t\t\t\t\t<\/div>\n\t\t\t\t<\/div>\n\t\t\t<\/div>\n\t\t\t\t<\/div>\t\t<\/div>\n\t\t\t\t<\/div>\n\t\t\t\t<div class=\"elementor-element elementor-element-2286218 elementor-widget__width-initial elementor-widget elementor-widget-elementskit-team\" data-id=\"2286218\" data-element_type=\"widget\" data-widget_type=\"elementskit-team.default\">\n\t\t\t\t<div class=\"elementor-widget-container\">\n\t\t\t<div class=\"ekit-wid-con\">\t\t\t\t\t\t\t\t\n\t\t<div class=\"profile-card elementor-animation- text-center ekit-team-style-default\">\n\t\t\t\t\t\t\t<a aria-label=\"profile\" href=\"javascript:void(0)\" data-mfp-src=\"#ekit_team_modal_2286218\" class=\"ekit-team-popup\">\n\t\t\t\t\t\t\n\t\t\t\t<div class=\"profile-header ekit-team-img ekit-img-overlay ekit-team-img-block\"  data-toggle=\"modal\" data-target=\"ekit_team_modal_#2286218\" >\n\t\t\t\t\t<img decoding=\"async\" width=\"800\" height=\"534\" src=\"https:\/\/mednav.com.tr\/wp-content\/uploads\/2023\/01\/timetravelaesthetic-bahadir-celik.png-1024x683.webp\" class=\"attachment-large size-large wp-image-5600\" alt=\"\" srcset=\"https:\/\/mednav.com.tr\/wp-content\/uploads\/2023\/01\/timetravelaesthetic-bahadir-celik.png-1024x683.webp 1024w, https:\/\/mednav.com.tr\/wp-content\/uploads\/2023\/01\/timetravelaesthetic-bahadir-celik.png-300x200.webp 300w, https:\/\/mednav.com.tr\/wp-content\/uploads\/2023\/01\/timetravelaesthetic-bahadir-celik.png-768x512.webp 768w, https:\/\/mednav.com.tr\/wp-content\/uploads\/2023\/01\/timetravelaesthetic-bahadir-celik.png.webp 1200w\" sizes=\"(max-width: 800px) 100vw, 800px\" \/>\t\t\t\t<\/div><!-- .profile-header END -->\n\t\t\t\t\t\t\t<\/a>\n\t\t\t\t\t\t\n\n\t\t\t\t<div class=\"profile-body\">\n\t\t\t\t\t\n\t\t\t\t\t<h2 class=\"profile-title\">\n\t\t\t\t\t\t\t\t\t\t\t<a aria-label=\"profile\" href=\"javascript:void(0)\" data-mfp-src=\"#ekit_team_modal_2286218\" class=\"ekit-team-popup\">\n\t\t\t\t\t\tMehmet Bekir \u015eEN\t\t\t\t\t\t<\/a>\n\t\t\t\t\t\t\t\t\t\t\t<\/h2>\n\t\t\t\t\t<p class=\"profile-designation\">Kad\u0131n Hastal\u0131klar\u0131 ve Do\u011fum Cerrahisi Uzman\u0131<\/p>\n\t\t\t\t\t\t\t\t\t\t<p class=\"profile-content\">Cerrah Mehmet Bekir \u015een Hatay, Antakya'da do\u011fdu. Yeditepe \u00dcniversitesi T\u0131p Fak\u00fcltesi'nden derece ile mezun oldu. \u0130htisas\u0131n\u0131 Sa\u011fl\u0131k Bilimleri \u00dcniversitesi \u00dcmraniye E\u011fitim ve Ara\u015ft\u0131rma Hastanesi'nde yapt\u0131. \u0130htisas\u0131n\u0131 ald\u0131ktan sonra bilgi ve k\u00fclt\u00fcr\u00fcn\u00fc artt\u0131rmak amac\u0131yla King's College of London Fetal Medicine Centre'da Perinatoloji B\u00f6l\u00fcm\u00fc'nde \u00e7al\u0131\u015ft\u0131. Amerika Birle\u015fik Devletleri'nde Kozmetik Jinekoloji e\u011fitimi ald\u0131. Cinsel terapi, vajinismus ve genital estetik konular\u0131nda da e\u011fitim ald\u0131. Yurtd\u0131\u015f\u0131ndaki e\u011fitimini tamamlad\u0131ktan sonra T\u00fcrkiye'ye d\u00f6nd\u00fc ve Antalya'da kendi \u00f6zel klini\u011fini kurdu. \u00d6zellikle Kozmetik Jinekoloji ve Genital Estetik, Gebelik Takibi ve Do\u011fum alanlar\u0131 ile ilgilenmektedir.<\/p>\n\t\t\t\t\t\t\t\t\t<\/div><!-- .profile-body END -->\n\n\t\t\t\t\t\t\t\t<\/div>\n\t\t\t\t\t\t\t\n\t\t\t\n\t\t\t\t\t<div class=\"zoom-anim-dialog mfp-hide elementskit-team-popup\" id=\"ekit_team_modal_2286218\" tabindex=\"-1\" role=\"dialog\" aria-hidden=\"true\">\n\t\t\t\t<div class=\"modal-dialog modal-dialog-centered\" role=\"document\">\n\t\t\t\t\t<div class=\"modal-content\">\n\t\t\t\t\t\t<button type=\"button\" class=\"ekit-team-modal-close\">\n\t\t\t\t\t\t\t<i aria-hidden=\"true\" class=\"fas fa-times\"><\/i>\t\t\t\t\t\t<\/button>\n\n\t\t\t\t\t\t<div class=\"modal-body\">\n\t\t\t\t\t\t\t\t\t\t\t\t\t\t\t<div class=\"ekit-team-modal-img\">\n\t\t\t\t\t\t\t\t\t<img decoding=\"async\" width=\"800\" height=\"534\" src=\"https:\/\/mednav.com.tr\/wp-content\/uploads\/2023\/01\/timetravelaesthetic-bahadir-celik.png-1024x683.webp\" class=\"attachment-large size-large wp-image-5600\" alt=\"\" srcset=\"https:\/\/mednav.com.tr\/wp-content\/uploads\/2023\/01\/timetravelaesthetic-bahadir-celik.png-1024x683.webp 1024w, https:\/\/mednav.com.tr\/wp-content\/uploads\/2023\/01\/timetravelaesthetic-bahadir-celik.png-300x200.webp 300w, https:\/\/mednav.com.tr\/wp-content\/uploads\/2023\/01\/timetravelaesthetic-bahadir-celik.png-768x512.webp 768w, https:\/\/mednav.com.tr\/wp-content\/uploads\/2023\/01\/timetravelaesthetic-bahadir-celik.png.webp 1200w\" sizes=\"(max-width: 800px) 100vw, 800px\" \/>\t\t\t\t\t\t\t\t<\/div>\n\t\t\t\t\t\t\t\n\t\t\t\t\t\t\t<div class=\"ekit-team-modal-info has-img\">\n\t\t\t\t\t\t\t\t<h2 class=\"ekit-team-modal-title\">Mehmet Bekir \u015eEN<\/h2>\n\t\t\t\t\t\t\t\t<p class=\"ekit-team-modal-position\">Kad\u0131n Hastal\u0131klar\u0131 ve Do\u011fum Cerrahisi Uzman\u0131<\/p>\n\t\t\t\t\t\t\t\t\n\t\t\t\t\t\t\t\t<div class=\"ekit-team-modal-content\">\n\t\t\t\t\t\t\t\t\tD\u00fcden ad\u0131nda k\u00fc\u00e7\u00fck bir nehir evlerinin yan\u0131ndan ak\u0131yor ve gerekli suyu sa\u011fl\u0131yor.\t\t\t\t\t\t\t\t<\/div>\n\n\t\t\t\t\t\t\t\t\t\t\t\t\t\t\t\t\t<ul class=\"ekit-team-modal-list\">\n\t\t\t\t\t\t\t\t\t\t\t\t\t\t\t\t\t\t\t\t\t<li><strong>Phone:<\/strong><a href=\"tel:+1 (859) 254-6589\">+1 (859) 254-6589<\/a><\/li>\n\t\t\t\t\t\t\t\t\t\t\n\t\t\t\t\t\t\t\t\t\t\t\t\t\t\t\t\t\t\t\t\t<li><strong>Email:<\/strong><a href=\"mailto:info@example.com\">info@example.com<\/a><\/li>\n\t\t\t\t\t\t\t\t\t\t\t\t\t\t\t\t\t\t\t<\/ul>\n\t\t\t\t\t\t\t\t\t\t\t\t\t\t\t\t\n\t\t\t\t\t\t\t\t\t\t\t\t\t\t\t<\/div>\n\t\t\t\t\t\t<\/div>\n\t\t\t\t\t<\/div>\n\t\t\t\t<\/div>\n\t\t\t<\/div>\n\t\t\t\t<\/div>\t\t<\/div>\n\t\t\t\t<\/div>\n\t\t\t\t\t<\/div>\n\t\t<\/div>\n\t\t\t\t\t\t\t<\/div>\n\t\t<\/section>\n\t\t\t\t\t\t\t<\/div>\n\t\t","protected":false},"excerpt":{"rendered":"<p>MedNav Health olarak kurulu\u015f ilkemiz olan kalite odakl\u0131 hizmetler ve kusursuz \u00e7\u00f6z\u00fcmler \u00e7er\u00e7evesinde sa\u011fl\u0131k ve g\u00fczellik alan\u0131nda de\u011ferli se\u00e7enekler yaratmay\u0131 hedefliyoruz. Profesyonel kadromuz ve uzman ekiplerimiz sayesinde seyahatiniz s\u00fcresince ihtiya\u00e7 duyabilece\u011finiz t\u00fcm hizmetlere \u00e7\u00f6z\u00fcm sunarak sizlere her konuda destek oluyoruz. MedNav Health bir sa\u011fl\u0131k turizmi arac\u0131l\u0131k firmas\u0131d\u0131r. Doktorlar\u0131m\u0131z Bahad\u0131r \u00c7EL\u0130K Plastik Rekonstr\u00fcktif ve Estetik Cerrahi [&hellip;]<\/p>\n","protected":false},"author":1,"featured_media":0,"parent":0,"menu_order":0,"comment_status":"closed","ping_status":"closed","template":"elementor_header_footer","meta":{"_themeisle_gutenberg_block_has_review":false},"_links":{"self":[{"href":"https:\/\/mednav.com.tr\/tr\/wp-json\/wp\/v2\/pages\/6552"}],"collection":[{"href":"https:\/\/mednav.com.tr\/tr\/wp-json\/wp\/v2\/pages"}],"about":[{"href":"https:\/\/mednav.com.tr\/tr\/wp-json\/wp\/v2\/types\/page"}],"author":[{"embeddable":true,"href":"https:\/\/mednav.com.tr\/tr\/wp-json\/wp\/v2\/users\/1"}],"replies":[{"embeddable":true,"href":"https:\/\/mednav.com.tr\/tr\/wp-json\/wp\/v2\/comments?post=6552"}],"version-history":[{"count":1,"href":"https:\/\/mednav.com.tr\/tr\/wp-json\/wp\/v2\/pages\/6552\/revisions"}],"predecessor-version":[{"id":6553,"href":"https:\/\/mednav.com.tr\/tr\/wp-json\/wp\/v2\/pages\/6552\/revisions\/6553"}],"wp:attachment":[{"href":"https:\/\/mednav.com.tr\/tr\/wp-json\/wp\/v2\/media?parent=6552"}],"curies":[{"name":"wp","href":"https:\/\/api.w.org\/{rel}","templated":true}]}}