{"id":6554,"date":"2023-01-04T10:57:29","date_gmt":"2023-01-04T07:57:29","guid":{"rendered":"http:\/\/mednav.com.tr\/konaklama\/"},"modified":"2023-03-30T22:26:28","modified_gmt":"2023-03-30T19:26:28","slug":"konaklama","status":"publish","type":"page","link":"https:\/\/mednav.com.tr\/tr\/konaklama\/","title":{"rendered":"Konaklama"},"content":{"rendered":"\t\t<div data-elementor-type=\"wp-page\" data-elementor-id=\"6554\" class=\"elementor elementor-6554 elementor-5611\">\n\t\t\t\t\t\t\t\t\t<section class=\"elementor-section elementor-top-section elementor-element elementor-element-478a2a2 elementor-section-height-min-height elementor-section-full_width elementor-section-height-default elementor-section-items-middle\" data-id=\"478a2a2\" data-element_type=\"section\" data-settings=\"{&quot;background_background&quot;:&quot;classic&quot;}\">\n\t\t\t\t\t\t\t<div class=\"elementor-background-overlay\"><\/div>\n\t\t\t\t\t\t\t<div class=\"elementor-container elementor-column-gap-default\">\n\t\t\t\t\t<div class=\"elementor-column elementor-col-100 elementor-top-column elementor-element elementor-element-86a0c2b\" data-id=\"86a0c2b\" data-element_type=\"column\">\n\t\t\t<div class=\"elementor-widget-wrap elementor-element-populated\">\n\t\t\t\t\t\t\t\t\t<\/div>\n\t\t<\/div>\n\t\t\t\t\t\t\t<\/div>\n\t\t<\/section>\n\t\t\t\t<section class=\"elementor-section elementor-top-section elementor-element elementor-element-43513fc elementor-section-content-middle elementor-section-boxed elementor-section-height-default elementor-section-height-default\" data-id=\"43513fc\" data-element_type=\"section\">\n\t\t\t\t\t\t<div class=\"elementor-container elementor-column-gap-default\">\n\t\t\t\t\t<div class=\"elementor-column elementor-col-100 elementor-top-column elementor-element elementor-element-8e27bba\" data-id=\"8e27bba\" data-element_type=\"column\">\n\t\t\t<div class=\"elementor-widget-wrap elementor-element-populated\">\n\t\t\t\t\t\t\t\t<div class=\"elementor-element elementor-element-1af596f elementor-widget elementor-widget-heading\" data-id=\"1af596f\" data-element_type=\"widget\" data-widget_type=\"heading.default\">\n\t\t\t\t<div class=\"elementor-widget-container\">\n\t\t\t<h2 class=\"elementor-heading-title elementor-size-default\">Akra Barut ile 5 Y\u0131ld\u0131zl\u0131 Deneyim<\/h2>\t\t<\/div>\n\t\t\t\t<\/div>\n\t\t\t\t<div class=\"elementor-element elementor-element-b343b9b elementor-widget elementor-widget-text-editor\" data-id=\"b343b9b\" data-element_type=\"widget\" data-widget_type=\"text-editor.default\">\n\t\t\t\t<div class=\"elementor-widget-container\">\n\t\t\t\t\t\t\t<p>Uzman ekibimiz sizi havaliman\u0131nda kar\u015f\u0131lad\u0131ktan sonra Akdeniz ve Beyda\u011flar\u0131&#8217;n\u0131n b\u00fcy\u00fcleyici manzaras\u0131na sahip Akra Barut otele kadar size e\u015flik ediyoruz. Otelde manzaran\u0131n tad\u0131n\u0131 doyas\u0131ya \u00e7\u0131karabilir ya da otelin sundu\u011fu \u00fcst d\u00fczey deneyimlerden faydalanabilirsiniz.<\/p>\n\t\t\t\t\t\t<\/div>\n\t\t\t\t<\/div>\n\t\t\t\t\t<\/div>\n\t\t<\/div>\n\t\t\t\t\t\t\t<\/div>\n\t\t<\/section>\n\t\t\t\t<section class=\"elementor-section elementor-top-section elementor-element elementor-element-a6ad9c0 elementor-section-boxed elementor-section-height-default elementor-section-height-default\" data-id=\"a6ad9c0\" data-element_type=\"section\">\n\t\t\t\t\t\t<div class=\"elementor-container elementor-column-gap-default\">\n\t\t\t\t\t<div class=\"elementor-column elementor-col-100 elementor-top-column elementor-element elementor-element-68fa8c8\" data-id=\"68fa8c8\" data-element_type=\"column\">\n\t\t\t<div class=\"elementor-widget-wrap elementor-element-populated\">\n\t\t\t\t\t\t\t\t<div class=\"elementor-element elementor-element-e3b1f52 elementor-widget elementor-widget-image\" data-id=\"e3b1f52\" data-element_type=\"widget\" data-widget_type=\"image.default\">\n\t\t\t\t<div class=\"elementor-widget-container\">\n\t\t\t\t\t\t\t\t\t\t\t\t\t\t\t<img decoding=\"async\" width=\"800\" height=\"534\" src=\"https:\/\/mednav.com.tr\/wp-content\/uploads\/2023\/01\/Time-Travel-Aesthetic-5-star-hotel-location.jpg-1024x683.webp\" class=\"attachment-large size-large wp-image-5615\" alt=\"\" srcset=\"https:\/\/mednav.com.tr\/wp-content\/uploads\/2023\/01\/Time-Travel-Aesthetic-5-star-hotel-location.jpg-1024x683.webp 1024w, https:\/\/mednav.com.tr\/wp-content\/uploads\/2023\/01\/Time-Travel-Aesthetic-5-star-hotel-location.jpg-300x200.webp 300w, https:\/\/mednav.com.tr\/wp-content\/uploads\/2023\/01\/Time-Travel-Aesthetic-5-star-hotel-location.jpg-768x512.webp 768w, https:\/\/mednav.com.tr\/wp-content\/uploads\/2023\/01\/Time-Travel-Aesthetic-5-star-hotel-location.jpg.webp 1200w\" sizes=\"(max-width: 800px) 100vw, 800px\" \/>\t\t\t\t\t\t\t\t\t\t\t\t\t\t\t<\/div>\n\t\t\t\t<\/div>\n\t\t\t\t<div class=\"elementor-element elementor-element-eb42b84 elementor-widget elementor-widget-text-editor\" data-id=\"eb42b84\" data-element_type=\"widget\" data-widget_type=\"text-editor.default\">\n\t\t\t\t<div class=\"elementor-widget-container\">\n\t\t\t\t\t\t\t<p>Duygular\u0131n ve deneyimlerin \u00f6n planda oldu\u011fu e\u015fsiz bir misafirperverlik deneyimine haz\u0131r m\u0131s\u0131n\u0131z? Akra Barut, falezlere vuran dalgalar\u0131n huzuru, gurme lezzetleri ve Akdeniz esintili konseptiyle sizleri bekliyor.<\/p>\n\t\t\t\t\t\t<\/div>\n\t\t\t\t<\/div>\n\t\t\t\t<section class=\"elementor-section elementor-inner-section elementor-element elementor-element-7f001de elementor-section-boxed elementor-section-height-default elementor-section-height-default\" data-id=\"7f001de\" data-element_type=\"section\" data-settings=\"{&quot;background_background&quot;:&quot;classic&quot;}\">\n\t\t\t\t\t\t<div class=\"elementor-container elementor-column-gap-default\">\n\t\t\t\t\t<div class=\"elementor-column elementor-col-100 elementor-inner-column elementor-element elementor-element-9ef1eed\" data-id=\"9ef1eed\" data-element_type=\"column\">\n\t\t\t<div class=\"elementor-widget-wrap elementor-element-populated\">\n\t\t\t\t\t\t\t\t<div class=\"elementor-element elementor-element-10537e9 elementor-widget elementor-widget-heading\" data-id=\"10537e9\" data-element_type=\"widget\" data-widget_type=\"heading.default\">\n\t\t\t\t<div class=\"elementor-widget-container\">\n\t\t\t<h2 class=\"elementor-heading-title elementor-size-default\">Akra Barut otel \u00fcst d\u00fczey bir otel deneyimi sunmaktad\u0131r.<\/h2>\t\t<\/div>\n\t\t\t\t<\/div>\n\t\t\t\t\t<\/div>\n\t\t<\/div>\n\t\t\t\t\t\t\t<\/div>\n\t\t<\/section>\n\t\t\t\t<section class=\"elementor-section elementor-inner-section elementor-element elementor-element-3100e13 elementor-section-boxed elementor-section-height-default elementor-section-height-default\" data-id=\"3100e13\" data-element_type=\"section\">\n\t\t\t\t\t\t<div class=\"elementor-container elementor-column-gap-default\">\n\t\t\t\t\t<div class=\"elementor-column elementor-col-50 elementor-inner-column elementor-element elementor-element-f3f95b7\" data-id=\"f3f95b7\" data-element_type=\"column\">\n\t\t\t<div class=\"elementor-widget-wrap elementor-element-populated\">\n\t\t\t\t\t\t\t\t<div class=\"elementor-element elementor-element-45faea7 elementor-view-stacked elementor-position-left elementor-shape-circle elementor-mobile-position-top elementor-vertical-align-top elementor-widget elementor-widget-icon-box\" data-id=\"45faea7\" data-element_type=\"widget\" data-widget_type=\"icon-box.default\">\n\t\t\t\t<div class=\"elementor-widget-container\">\n\t\t\t\t\t<div class=\"elementor-icon-box-wrapper\">\n\t\t\t\t\t\t<div class=\"elementor-icon-box-icon\">\n\t\t\t\t<span  class=\"elementor-icon elementor-animation-\">\n\t\t\t\t<i aria-hidden=\"true\" class=\"fas fa-star\"><\/i>\t\t\t\t<\/span>\n\t\t\t<\/div>\n\t\t\t\t\t\t<div class=\"elementor-icon-box-content\">\n\t\t\t\t<h3 class=\"elementor-icon-box-title\">\n\t\t\t\t\t<span  >\n\t\t\t\t\t\t\t\t\t\t\t<\/span>\n\t\t\t\t<\/h3>\n\t\t\t\t\t\t\t\t\t<p class=\"elementor-icon-box-description\">\n\t\t\t\t\t\tAntalya'n\u0131n simgelerinden biri olan falezler \u00fczerine kurulan \u00f6zel platformda s\u0131cak yaz g\u00fcnlerinin tad\u0131n\u0131 \u00e7\u0131karabilirsiniz.\t\t\t\t\t<\/p>\n\t\t\t\t\t\t\t<\/div>\n\t\t<\/div>\n\t\t\t\t<\/div>\n\t\t\t\t<\/div>\n\t\t\t\t<div class=\"elementor-element elementor-element-0bf4157 elementor-view-stacked elementor-position-left elementor-shape-circle elementor-mobile-position-top elementor-vertical-align-top elementor-widget elementor-widget-icon-box\" data-id=\"0bf4157\" data-element_type=\"widget\" data-widget_type=\"icon-box.default\">\n\t\t\t\t<div class=\"elementor-widget-container\">\n\t\t\t\t\t<div class=\"elementor-icon-box-wrapper\">\n\t\t\t\t\t\t<div class=\"elementor-icon-box-icon\">\n\t\t\t\t<span  class=\"elementor-icon elementor-animation-\">\n\t\t\t\t<i aria-hidden=\"true\" class=\"fas fa-star\"><\/i>\t\t\t\t<\/span>\n\t\t\t<\/div>\n\t\t\t\t\t\t<div class=\"elementor-icon-box-content\">\n\t\t\t\t<h3 class=\"elementor-icon-box-title\">\n\t\t\t\t\t<span  >\n\t\t\t\t\t\t\t\t\t\t\t<\/span>\n\t\t\t\t<\/h3>\n\t\t\t\t\t\t\t\t\t<p class=\"elementor-icon-box-description\">\n\t\t\t\t\t\tUnutulmaz bir Akdeniz deneyimi ya\u015fayaca\u011f\u0131n\u0131z Akra Barut Rooms'da zarif detaylar bulacaks\u0131n\u0131z. Sade ve modern dekorasyonunun yan\u0131 s\u0131ra nefes kesen Akdeniz manzaras\u0131 ile beklentilerin \u00f6tesinde bir deneyim sizleri bekliyor.\t\t\t\t\t<\/p>\n\t\t\t\t\t\t\t<\/div>\n\t\t<\/div>\n\t\t\t\t<\/div>\n\t\t\t\t<\/div>\n\t\t\t\t<div class=\"elementor-element elementor-element-446471e elementor-view-stacked elementor-position-left elementor-shape-circle elementor-mobile-position-top elementor-vertical-align-top elementor-widget elementor-widget-icon-box\" data-id=\"446471e\" data-element_type=\"widget\" data-widget_type=\"icon-box.default\">\n\t\t\t\t<div class=\"elementor-widget-container\">\n\t\t\t\t\t<div class=\"elementor-icon-box-wrapper\">\n\t\t\t\t\t\t<div class=\"elementor-icon-box-icon\">\n\t\t\t\t<span  class=\"elementor-icon elementor-animation-\">\n\t\t\t\t<i aria-hidden=\"true\" class=\"fas fa-star\"><\/i>\t\t\t\t<\/span>\n\t\t\t<\/div>\n\t\t\t\t\t\t<div class=\"elementor-icon-box-content\">\n\t\t\t\t<h3 class=\"elementor-icon-box-title\">\n\t\t\t\t\t<span  >\n\t\t\t\t\t\t\t\t\t\t\t<\/span>\n\t\t\t\t<\/h3>\n\t\t\t\t\t\t\t\t\t<p class=\"elementor-icon-box-description\">\n\t\t\t\t\t\tSa\u011fl\u0131kl\u0131 beslenme programlar\u0131, rahatlat\u0131c\u0131 terapiler ve kendinizi iyi hissetmenizi sa\u011flayacak aktivitelerle keyifli bir deneyime haz\u0131r olun.\t\t\t\t\t<\/p>\n\t\t\t\t\t\t\t<\/div>\n\t\t<\/div>\n\t\t\t\t<\/div>\n\t\t\t\t<\/div>\n\t\t\t\t\t<\/div>\n\t\t<\/div>\n\t\t\t\t<div class=\"elementor-column elementor-col-50 elementor-inner-column elementor-element elementor-element-8e8bee6\" data-id=\"8e8bee6\" data-element_type=\"column\">\n\t\t\t<div class=\"elementor-widget-wrap elementor-element-populated\">\n\t\t\t\t\t\t\t\t<div class=\"elementor-element elementor-element-0e08c06 elementor-view-stacked elementor-position-left elementor-shape-circle elementor-mobile-position-top elementor-vertical-align-top elementor-widget elementor-widget-icon-box\" data-id=\"0e08c06\" data-element_type=\"widget\" data-widget_type=\"icon-box.default\">\n\t\t\t\t<div class=\"elementor-widget-container\">\n\t\t\t\t\t<div class=\"elementor-icon-box-wrapper\">\n\t\t\t\t\t\t<div class=\"elementor-icon-box-icon\">\n\t\t\t\t<span  class=\"elementor-icon elementor-animation-\">\n\t\t\t\t<i aria-hidden=\"true\" class=\"fas fa-star\"><\/i>\t\t\t\t<\/span>\n\t\t\t<\/div>\n\t\t\t\t\t\t<div class=\"elementor-icon-box-content\">\n\t\t\t\t<h3 class=\"elementor-icon-box-title\">\n\t\t\t\t\t<span  >\n\t\t\t\t\t\t\t\t\t\t\t<\/span>\n\t\t\t\t<\/h3>\n\t\t\t\t\t\t\t\t\t<p class=\"elementor-icon-box-description\">\n\t\t\t\t\t\tYeti\u015fkinler i\u00e7in \u00fc\u00e7, \u00e7ocuklar i\u00e7in bir y\u00fczme havuzunun yan\u0131 s\u0131ra \u0131s\u0131tmal\u0131 a\u00e7\u0131k ve kapal\u0131 havuzlar\u0131 bulunan Akra, masmavi Akdeniz manzaras\u0131 e\u015fli\u011finde keyifli bir havuz deneyimi sunuyor.\t\t\t\t\t<\/p>\n\t\t\t\t\t\t\t<\/div>\n\t\t<\/div>\n\t\t\t\t<\/div>\n\t\t\t\t<\/div>\n\t\t\t\t<div class=\"elementor-element elementor-element-fc6e5ef elementor-view-stacked elementor-position-left elementor-shape-circle elementor-mobile-position-top elementor-vertical-align-top elementor-widget elementor-widget-icon-box\" data-id=\"fc6e5ef\" data-element_type=\"widget\" data-widget_type=\"icon-box.default\">\n\t\t\t\t<div class=\"elementor-widget-container\">\n\t\t\t\t\t<div class=\"elementor-icon-box-wrapper\">\n\t\t\t\t\t\t<div class=\"elementor-icon-box-icon\">\n\t\t\t\t<span  class=\"elementor-icon elementor-animation-\">\n\t\t\t\t<i aria-hidden=\"true\" class=\"fas fa-star\"><\/i>\t\t\t\t<\/span>\n\t\t\t<\/div>\n\t\t\t\t\t\t<div class=\"elementor-icon-box-content\">\n\t\t\t\t<h3 class=\"elementor-icon-box-title\">\n\t\t\t\t\t<span  >\n\t\t\t\t\t\t\t\t\t\t\t<\/span>\n\t\t\t\t<\/h3>\n\t\t\t\t\t\t\t\t\t<p class=\"elementor-icon-box-description\">\n\t\t\t\t\t\tYerel lezzetlerimizin yan\u0131 s\u0131ra d\u00fcnya mutfa\u011f\u0131ndan \u00f6zel tatlar\u0131n da keyfini \u00e7\u0131kar\u0131n. Lezzetiyle fark yaratan \u00fcr\u00fcnlerimiz en taze ve en do\u011fal haliyle sofralar\u0131n\u0131z\u0131 s\u00fcsl\u00fcyor.\t\t\t\t\t<\/p>\n\t\t\t\t\t\t\t<\/div>\n\t\t<\/div>\n\t\t\t\t<\/div>\n\t\t\t\t<\/div>\n\t\t\t\t<div class=\"elementor-element elementor-element-e2dd3e2 elementor-view-stacked elementor-position-left elementor-shape-circle elementor-mobile-position-top elementor-vertical-align-top elementor-widget elementor-widget-icon-box\" data-id=\"e2dd3e2\" data-element_type=\"widget\" data-widget_type=\"icon-box.default\">\n\t\t\t\t<div class=\"elementor-widget-container\">\n\t\t\t\t\t<div class=\"elementor-icon-box-wrapper\">\n\t\t\t\t\t\t<div class=\"elementor-icon-box-icon\">\n\t\t\t\t<span  class=\"elementor-icon elementor-animation-\">\n\t\t\t\t<i aria-hidden=\"true\" class=\"fas fa-star\"><\/i>\t\t\t\t<\/span>\n\t\t\t<\/div>\n\t\t\t\t\t\t<div class=\"elementor-icon-box-content\">\n\t\t\t\t<h3 class=\"elementor-icon-box-title\">\n\t\t\t\t\t<span  >\n\t\t\t\t\t\t\t\t\t\t\t<\/span>\n\t\t\t\t<\/h3>\n\t\t\t\t\t\t\t\t\t<p class=\"elementor-icon-box-description\">\n\t\t\t\t\t\tOtelin her yerinde bulunan h\u0131zl\u0131 ve \u00fccretsiz kablosuz internet ba\u011flant\u0131s\u0131 ile s\u00fcrekli \u00e7evrimi\u00e7i olun.\t\t\t\t\t<\/p>\n\t\t\t\t\t\t\t<\/div>\n\t\t<\/div>\n\t\t\t\t<\/div>\n\t\t\t\t<\/div>\n\t\t\t\t\t<\/div>\n\t\t<\/div>\n\t\t\t\t\t\t\t<\/div>\n\t\t<\/section>\n\t\t\t\t<div class=\"elementor-element elementor-element-04682c1 gallery-spacing-custom elementor-widget elementor-widget-image-gallery\" data-id=\"04682c1\" data-element_type=\"widget\" data-widget_type=\"image-gallery.default\">\n\t\t\t\t<div class=\"elementor-widget-container\">\n\t\t\t\t\t<div class=\"elementor-image-gallery\">\n\t\t\t<div id='gallery-1' class='gallery galleryid-6554 gallery-columns-3 gallery-size-full'><figure class='gallery-item'>\n\t\t\t<div class='gallery-icon landscape'>\n\t\t\t\t<img width=\"1200\" height=\"800\" src=\"https:\/\/mednav.com.tr\/wp-content\/uploads\/2023\/01\/mednav-health-5-star-hotel-2.jpg.webp\" class=\"attachment-full size-full\" alt=\"\" decoding=\"async\" srcset=\"https:\/\/mednav.com.tr\/wp-content\/uploads\/2023\/01\/mednav-health-5-star-hotel-2.jpg.webp 1200w, https:\/\/mednav.com.tr\/wp-content\/uploads\/2023\/01\/mednav-health-5-star-hotel-2.jpg-300x200.webp 300w, https:\/\/mednav.com.tr\/wp-content\/uploads\/2023\/01\/mednav-health-5-star-hotel-2.jpg-1024x683.webp 1024w, https:\/\/mednav.com.tr\/wp-content\/uploads\/2023\/01\/mednav-health-5-star-hotel-2.jpg-768x512.webp 768w\" sizes=\"(max-width: 1200px) 100vw, 1200px\" \/>\n\t\t\t<\/div><\/figure><figure class='gallery-item'>\n\t\t\t<div class='gallery-icon landscape'>\n\t\t\t\t<img width=\"1200\" height=\"800\" src=\"https:\/\/mednav.com.tr\/wp-content\/uploads\/2023\/01\/mednav-health-5-star-hotel-7.jpg.webp\" class=\"attachment-full size-full\" alt=\"\" decoding=\"async\" srcset=\"https:\/\/mednav.com.tr\/wp-content\/uploads\/2023\/01\/mednav-health-5-star-hotel-7.jpg.webp 1200w, https:\/\/mednav.com.tr\/wp-content\/uploads\/2023\/01\/mednav-health-5-star-hotel-7.jpg-300x200.webp 300w, https:\/\/mednav.com.tr\/wp-content\/uploads\/2023\/01\/mednav-health-5-star-hotel-7.jpg-1024x683.webp 1024w, https:\/\/mednav.com.tr\/wp-content\/uploads\/2023\/01\/mednav-health-5-star-hotel-7.jpg-768x512.webp 768w\" sizes=\"(max-width: 1200px) 100vw, 1200px\" \/>\n\t\t\t<\/div><\/figure><figure class='gallery-item'>\n\t\t\t<div class='gallery-icon landscape'>\n\t\t\t\t<img width=\"1200\" height=\"800\" src=\"https:\/\/mednav.com.tr\/wp-content\/uploads\/2023\/01\/mednav-health-5-star-hotel-1.jpg.webp\" class=\"attachment-full size-full\" alt=\"\" decoding=\"async\" srcset=\"https:\/\/mednav.com.tr\/wp-content\/uploads\/2023\/01\/mednav-health-5-star-hotel-1.jpg.webp 1200w, https:\/\/mednav.com.tr\/wp-content\/uploads\/2023\/01\/mednav-health-5-star-hotel-1.jpg-300x200.webp 300w, https:\/\/mednav.com.tr\/wp-content\/uploads\/2023\/01\/mednav-health-5-star-hotel-1.jpg-1024x683.webp 1024w, https:\/\/mednav.com.tr\/wp-content\/uploads\/2023\/01\/mednav-health-5-star-hotel-1.jpg-768x512.webp 768w\" sizes=\"(max-width: 1200px) 100vw, 1200px\" \/>\n\t\t\t<\/div><\/figure><figure class='gallery-item'>\n\t\t\t<div class='gallery-icon landscape'>\n\t\t\t\t<img width=\"1200\" height=\"800\" src=\"https:\/\/mednav.com.tr\/wp-content\/uploads\/2023\/01\/mednav-health-5-star-hotel-3.jpg.webp\" class=\"attachment-full size-full\" alt=\"\" decoding=\"async\" srcset=\"https:\/\/mednav.com.tr\/wp-content\/uploads\/2023\/01\/mednav-health-5-star-hotel-3.jpg.webp 1200w, https:\/\/mednav.com.tr\/wp-content\/uploads\/2023\/01\/mednav-health-5-star-hotel-3.jpg-300x200.webp 300w, https:\/\/mednav.com.tr\/wp-content\/uploads\/2023\/01\/mednav-health-5-star-hotel-3.jpg-1024x683.webp 1024w, https:\/\/mednav.com.tr\/wp-content\/uploads\/2023\/01\/mednav-health-5-star-hotel-3.jpg-768x512.webp 768w\" sizes=\"(max-width: 1200px) 100vw, 1200px\" \/>\n\t\t\t<\/div><\/figure><figure class='gallery-item'>\n\t\t\t<div class='gallery-icon landscape'>\n\t\t\t\t<img width=\"1200\" height=\"800\" src=\"https:\/\/mednav.com.tr\/wp-content\/uploads\/2023\/01\/mednav-health-5-star-hotel-4.jpg.webp\" class=\"attachment-full size-full\" alt=\"\" decoding=\"async\" srcset=\"https:\/\/mednav.com.tr\/wp-content\/uploads\/2023\/01\/mednav-health-5-star-hotel-4.jpg.webp 1200w, https:\/\/mednav.com.tr\/wp-content\/uploads\/2023\/01\/mednav-health-5-star-hotel-4.jpg-300x200.webp 300w, https:\/\/mednav.com.tr\/wp-content\/uploads\/2023\/01\/mednav-health-5-star-hotel-4.jpg-1024x683.webp 1024w, https:\/\/mednav.com.tr\/wp-content\/uploads\/2023\/01\/mednav-health-5-star-hotel-4.jpg-768x512.webp 768w\" sizes=\"(max-width: 1200px) 100vw, 1200px\" \/>\n\t\t\t<\/div><\/figure><figure class='gallery-item'>\n\t\t\t<div class='gallery-icon landscape'>\n\t\t\t\t<img width=\"1200\" height=\"800\" src=\"https:\/\/mednav.com.tr\/wp-content\/uploads\/2023\/01\/mednav-health-5-star-hotel-6.jpg.webp\" class=\"attachment-full size-full\" alt=\"\" decoding=\"async\" srcset=\"https:\/\/mednav.com.tr\/wp-content\/uploads\/2023\/01\/mednav-health-5-star-hotel-6.jpg.webp 1200w, https:\/\/mednav.com.tr\/wp-content\/uploads\/2023\/01\/mednav-health-5-star-hotel-6.jpg-300x200.webp 300w, https:\/\/mednav.com.tr\/wp-content\/uploads\/2023\/01\/mednav-health-5-star-hotel-6.jpg-1024x683.webp 1024w, https:\/\/mednav.com.tr\/wp-content\/uploads\/2023\/01\/mednav-health-5-star-hotel-6.jpg-768x512.webp 768w\" sizes=\"(max-width: 1200px) 100vw, 1200px\" \/>\n\t\t\t<\/div><\/figure><figure class='gallery-item'>\n\t\t\t<div class='gallery-icon landscape'>\n\t\t\t\t<img width=\"1200\" height=\"800\" src=\"https:\/\/mednav.com.tr\/wp-content\/uploads\/2023\/01\/mednav-health-5-star-hotel-8.jpg.webp\" class=\"attachment-full size-full\" alt=\"\" decoding=\"async\" srcset=\"https:\/\/mednav.com.tr\/wp-content\/uploads\/2023\/01\/mednav-health-5-star-hotel-8.jpg.webp 1200w, https:\/\/mednav.com.tr\/wp-content\/uploads\/2023\/01\/mednav-health-5-star-hotel-8.jpg-300x200.webp 300w, https:\/\/mednav.com.tr\/wp-content\/uploads\/2023\/01\/mednav-health-5-star-hotel-8.jpg-1024x683.webp 1024w, https:\/\/mednav.com.tr\/wp-content\/uploads\/2023\/01\/mednav-health-5-star-hotel-8.jpg-768x512.webp 768w\" sizes=\"(max-width: 1200px) 100vw, 1200px\" \/>\n\t\t\t<\/div><\/figure><figure class='gallery-item'>\n\t\t\t<div class='gallery-icon landscape'>\n\t\t\t\t<img width=\"1200\" height=\"800\" src=\"https:\/\/mednav.com.tr\/wp-content\/uploads\/2023\/01\/mednav-health-5-star-hotel-9.jpg.webp\" class=\"attachment-full size-full\" alt=\"\" decoding=\"async\" srcset=\"https:\/\/mednav.com.tr\/wp-content\/uploads\/2023\/01\/mednav-health-5-star-hotel-9.jpg.webp 1200w, https:\/\/mednav.com.tr\/wp-content\/uploads\/2023\/01\/mednav-health-5-star-hotel-9.jpg-300x200.webp 300w, https:\/\/mednav.com.tr\/wp-content\/uploads\/2023\/01\/mednav-health-5-star-hotel-9.jpg-1024x683.webp 1024w, https:\/\/mednav.com.tr\/wp-content\/uploads\/2023\/01\/mednav-health-5-star-hotel-9.jpg-768x512.webp 768w\" sizes=\"(max-width: 1200px) 100vw, 1200px\" \/>\n\t\t\t<\/div><\/figure><figure class='gallery-item'>\n\t\t\t<div class='gallery-icon landscape'>\n\t\t\t\t<img width=\"1200\" height=\"800\" src=\"https:\/\/mednav.com.tr\/wp-content\/uploads\/2023\/01\/mednav-health-5-star-hotel-11.jpg.webp\" class=\"attachment-full size-full\" alt=\"\" decoding=\"async\" srcset=\"https:\/\/mednav.com.tr\/wp-content\/uploads\/2023\/01\/mednav-health-5-star-hotel-11.jpg.webp 1200w, https:\/\/mednav.com.tr\/wp-content\/uploads\/2023\/01\/mednav-health-5-star-hotel-11.jpg-300x200.webp 300w, https:\/\/mednav.com.tr\/wp-content\/uploads\/2023\/01\/mednav-health-5-star-hotel-11.jpg-1024x683.webp 1024w, https:\/\/mednav.com.tr\/wp-content\/uploads\/2023\/01\/mednav-health-5-star-hotel-11.jpg-768x512.webp 768w\" sizes=\"(max-width: 1200px) 100vw, 1200px\" \/>\n\t\t\t<\/div><\/figure><figure class='gallery-item'>\n\t\t\t<div class='gallery-icon landscape'>\n\t\t\t\t<img width=\"1200\" height=\"800\" src=\"https:\/\/mednav.com.tr\/wp-content\/uploads\/2023\/01\/mednav-health-5-star-hotel-12.jpg.webp\" class=\"attachment-full size-full\" alt=\"\" decoding=\"async\" srcset=\"https:\/\/mednav.com.tr\/wp-content\/uploads\/2023\/01\/mednav-health-5-star-hotel-12.jpg.webp 1200w, https:\/\/mednav.com.tr\/wp-content\/uploads\/2023\/01\/mednav-health-5-star-hotel-12.jpg-300x200.webp 300w, https:\/\/mednav.com.tr\/wp-content\/uploads\/2023\/01\/mednav-health-5-star-hotel-12.jpg-1024x683.webp 1024w, https:\/\/mednav.com.tr\/wp-content\/uploads\/2023\/01\/mednav-health-5-star-hotel-12.jpg-768x512.webp 768w\" sizes=\"(max-width: 1200px) 100vw, 1200px\" \/>\n\t\t\t<\/div><\/figure><figure class='gallery-item'>\n\t\t\t<div class='gallery-icon landscape'>\n\t\t\t\t<img width=\"1200\" height=\"800\" src=\"https:\/\/mednav.com.tr\/wp-content\/uploads\/2023\/01\/mednav-health-5-star-hotel-5.jpg.webp\" class=\"attachment-full size-full\" alt=\"\" decoding=\"async\" srcset=\"https:\/\/mednav.com.tr\/wp-content\/uploads\/2023\/01\/mednav-health-5-star-hotel-5.jpg.webp 1200w, https:\/\/mednav.com.tr\/wp-content\/uploads\/2023\/01\/mednav-health-5-star-hotel-5.jpg-300x200.webp 300w, https:\/\/mednav.com.tr\/wp-content\/uploads\/2023\/01\/mednav-health-5-star-hotel-5.jpg-1024x683.webp 1024w, https:\/\/mednav.com.tr\/wp-content\/uploads\/2023\/01\/mednav-health-5-star-hotel-5.jpg-768x512.webp 768w\" sizes=\"(max-width: 1200px) 100vw, 1200px\" \/>\n\t\t\t<\/div><\/figure><figure class='gallery-item'>\n\t\t\t<div class='gallery-icon landscape'>\n\t\t\t\t<img width=\"1200\" height=\"800\" src=\"https:\/\/mednav.com.tr\/wp-content\/uploads\/2023\/01\/mednav-health-5-star-hotel-10.jpg.webp\" class=\"attachment-full size-full\" alt=\"\" decoding=\"async\" srcset=\"https:\/\/mednav.com.tr\/wp-content\/uploads\/2023\/01\/mednav-health-5-star-hotel-10.jpg.webp 1200w, https:\/\/mednav.com.tr\/wp-content\/uploads\/2023\/01\/mednav-health-5-star-hotel-10.jpg-300x200.webp 300w, https:\/\/mednav.com.tr\/wp-content\/uploads\/2023\/01\/mednav-health-5-star-hotel-10.jpg-1024x683.webp 1024w, https:\/\/mednav.com.tr\/wp-content\/uploads\/2023\/01\/mednav-health-5-star-hotel-10.jpg-768x512.webp 768w\" sizes=\"(max-width: 1200px) 100vw, 1200px\" \/>\n\t\t\t<\/div><\/figure>\n\t\t<\/div>\n\t\t<\/div>\n\t\t\t\t<\/div>\n\t\t\t\t<\/div>\n\t\t\t\t<div class=\"elementor-element elementor-element-3225fef elementor-widget elementor-widget-google_maps\" data-id=\"3225fef\" data-element_type=\"widget\" data-widget_type=\"google_maps.default\">\n\t\t\t\t<div class=\"elementor-widget-container\">\n\t\t\t\t\t<div class=\"elementor-custom-embed\">\n\t\t\t<iframe loading=\"lazy\"\n\t\t\t\t\tsrc=\"https:\/\/maps.google.com\/maps?q=Akra%20Hotels&#038;t=m&#038;z=18&#038;output=embed&#038;iwloc=near\"\n\t\t\t\t\ttitle=\"Akra Hotels\"\n\t\t\t\t\taria-label=\"Akra Hotels\"\n\t\t\t><\/iframe>\n\t\t<\/div>\n\t\t\t\t<\/div>\n\t\t\t\t<\/div>\n\t\t\t\t\t<\/div>\n\t\t<\/div>\n\t\t\t\t\t\t\t<\/div>\n\t\t<\/section>\n\t\t\t\t\t\t\t<\/div>\n\t\t","protected":false},"excerpt":{"rendered":"<p>Akra Barut ile 5 Y\u0131ld\u0131zl\u0131 Deneyim Uzman ekibimiz sizi havaliman\u0131nda kar\u015f\u0131lad\u0131ktan sonra Akdeniz ve Beyda\u011flar\u0131&#8217;n\u0131n b\u00fcy\u00fcleyici manzaras\u0131na sahip Akra Barut otele kadar size e\u015flik ediyoruz. Otelde manzaran\u0131n tad\u0131n\u0131 doyas\u0131ya \u00e7\u0131karabilir ya da otelin sundu\u011fu \u00fcst d\u00fczey deneyimlerden faydalanabilirsiniz. Duygular\u0131n ve deneyimlerin \u00f6n planda oldu\u011fu e\u015fsiz bir misafirperverlik deneyimine haz\u0131r m\u0131s\u0131n\u0131z? Akra Barut, falezlere vuran dalgalar\u0131n [&hellip;]<\/p>\n","protected":false},"author":1,"featured_media":0,"parent":0,"menu_order":0,"comment_status":"closed","ping_status":"closed","template":"elementor_header_footer","meta":{"_themeisle_gutenberg_block_has_review":false},"_links":{"self":[{"href":"https:\/\/mednav.com.tr\/tr\/wp-json\/wp\/v2\/pages\/6554"}],"collection":[{"href":"https:\/\/mednav.com.tr\/tr\/wp-json\/wp\/v2\/pages"}],"about":[{"href":"https:\/\/mednav.com.tr\/tr\/wp-json\/wp\/v2\/types\/page"}],"author":[{"embeddable":true,"href":"https:\/\/mednav.com.tr\/tr\/wp-json\/wp\/v2\/users\/1"}],"replies":[{"embeddable":true,"href":"https:\/\/mednav.com.tr\/tr\/wp-json\/wp\/v2\/comments?post=6554"}],"version-history":[{"count":1,"href":"https:\/\/mednav.com.tr\/tr\/wp-json\/wp\/v2\/pages\/6554\/revisions"}],"predecessor-version":[{"id":6555,"href":"https:\/\/mednav.com.tr\/tr\/wp-json\/wp\/v2\/pages\/6554\/revisions\/6555"}],"wp:attachment":[{"href":"https:\/\/mednav.com.tr\/tr\/wp-json\/wp\/v2\/media?parent=6554"}],"curies":[{"name":"wp","href":"https:\/\/api.w.org\/{rel}","templated":true}]}}